{"id":1139,"date":"2020-06-08T19:47:58","date_gmt":"2020-06-08T19:47:58","guid":{"rendered":"https:\/\/vicaria6.bizkeliza.net\/?page_id=1139"},"modified":"2020-07-09T09:22:58","modified_gmt":"2020-07-09T09:22:58","slug":"idtp","status":"publish","type":"page","link":"https:\/\/vicaria6.bizkeliza.net\/?page_id=1139","title":{"rendered":"IDTP"},"content":{"rendered":"<h3><span style=\"color: #339966;\"><em>\u00abLa formaci\u00f3n de laicos y la evangelizaci\u00f3n de los grupos profesionales e intelectuales constituyen un desaf\u00edo pastoral importante\u00bb\u00a0 (E.G. num 102)<\/em><\/span><\/h3>\n<p>&nbsp;<\/p>\n<p><img decoding=\"async\" class=\"alignleft\" src=\"https:\/\/idtp.org\/wp-content\/uploads\/2016\/05\/idtph2.png\" alt=\"Instituto Diocesano de Teolog\u00eda y Pastoral \u2013 IDTP\" \/><\/p>\n<p>El Instituto Diocesano de Teolog\u00eda y Pastoral es una fundaci\u00f3n creada por la Di\u00f3cesis de Bilbao en 1980 para colaborar en la misi\u00f3n evangelizadora desde el fomento de la formaci\u00f3n teol\u00f3gico-pastoral del laicado y de los ministerios eclesiales, del estudio y la reflexi\u00f3n y del di\u00e1logo con la sociedad, la cultura y el pensamiento actual.<\/p>\n<p>La actividad formativa se realiza principalmente a trav\u00e9s de cursos, jornadas y conferencias.\u00a0 En sus enlaces online esta disponible la gran oferta de conferencias realizadas. Seguro que encuentras temas que son de tu inter\u00e9s.<\/p>\n<p>Estas actividades se realizan en la sede de Barria (Plaza Nueva 4, 1\u00aa 48005 Bilbao) y en distintos lugares de la di\u00f3cesis.\u00a0 \u00a0 \u00a0 \u00a0 \u00a0 \u00a0 \u00a0Secretar\u00eda: Tlf.\u00a0<a href=\"tel:+34944795652\">944795652<\/a> Fax: 946790061\u00a0 &#8211;\u00a0 \u00a0 \u00a0Mail: \u00a0\u00a0<a href=\"mailto:idtp@idtp.org\">idtp@idtp.org<\/a><\/p>\n<p>&nbsp;<\/p>\n<h2><span style=\"color: #800000;\"><strong>SERVICIOS QUE OFRECE:<\/strong><\/span><\/h2>\n<p><img fetchpriority=\"high\" decoding=\"async\" class=\"size-medium wp-image-1153 alignleft\" src=\"https:\/\/vicaria6.bizkeliza.net\/wp-content\/uploads\/2020\/06\/IDTP-OFERTA-CONTINUADA-1-300x210.jpg\" alt=\"\" width=\"300\" height=\"210\" srcset=\"https:\/\/vicaria6.bizkeliza.net\/wp-content\/uploads\/2020\/06\/IDTP-OFERTA-CONTINUADA-1-300x210.jpg 300w, https:\/\/vicaria6.bizkeliza.net\/wp-content\/uploads\/2020\/06\/IDTP-OFERTA-CONTINUADA-1-1024x718.jpg 1024w, https:\/\/vicaria6.bizkeliza.net\/wp-content\/uploads\/2020\/06\/IDTP-OFERTA-CONTINUADA-1-768x539.jpg 768w, https:\/\/vicaria6.bizkeliza.net\/wp-content\/uploads\/2020\/06\/IDTP-OFERTA-CONTINUADA-1-1536x1077.jpg 1536w, https:\/\/vicaria6.bizkeliza.net\/wp-content\/uploads\/2020\/06\/IDTP-OFERTA-CONTINUADA-1-2048x1436.jpg 2048w, https:\/\/vicaria6.bizkeliza.net\/wp-content\/uploads\/2020\/06\/IDTP-OFERTA-CONTINUADA-1-1140x799.jpg 1140w\" sizes=\"(max-width: 300px) 100vw, 300px\" \/><\/p>\n<p>&nbsp;<\/p>\n<p>&nbsp;<\/p>\n<p><span style=\"color: #333333;\">El Instituto ofrece su servicio tambi\u00e9n en la pastoral: lectura guiada de un libro en grupos, formaci\u00f3n a quienes estamos en la pastoral, &#8230;. En la imagen encontrar\u00e1s un listado m\u00e1s amplio de su oferta formativa.<\/span><\/p>\n<p>&nbsp;<\/p>\n<p>&nbsp;<\/p>\n<h4><strong><span style=\"color: #800000;\">Tienes a tu disposici\u00f3n la Mediateca, la Formaci\u00f3n continua y una Biblioteca con catalogo online. <span style=\"color: #000000;\"><span style=\"color: #333333;\">Pincha en los enlaces y descubre\u00a0 lo que esta a tu disposici\u00f3n.\u00a0 \u00a0<\/span> \u00a0<\/span> \u00a0 \u00a0\u00a0<\/span><\/strong><\/h4>\n<p><strong><span style=\"color: #800000;\"> <img decoding=\"async\" class=\"aligncenter\" src=\"https:\/\/idtp.org\/wp-content\/uploads\/2016\/09\/mediatecabis-copia.jpg\" \/><a href=\"http:\/\/www.bizkeliza.org\/documentos-y-recursos\/ikusikasi-mediateca\/mediateca\/?no_cache=1\">http:\/\/www.bizkeliza.org\/documentos-y-recursos\/ikusikasi-mediateca\/mediateca\/?no_cache=1<\/a><img decoding=\"async\" class=\"aligncenter\" src=\"https:\/\/idtp.org\/wp-content\/uploads\/2016\/06\/formacionidtponline-copia.jpg\" \/><a href=\"http:\/\/prestakuntza.idtp.org\/\">http:\/\/prestakuntza.idtp.org\/<\/a><a href=\"http:\/\/prestakuntza.idtp.org\/\"><img decoding=\"async\" class=\"aligncenter\" src=\"https:\/\/idtp.org\/wp-content\/uploads\/2016\/09\/bibliotecaonline-copia.jpg\" \/><\/a><a href=\"http:\/\/biblioteca.idtp.org\/opac\">http:\/\/biblioteca.idtp.org\/opac<\/a> <\/span><\/strong><\/p>\n<h3 style=\"text-align: right;\"><span style=\"color: #800000;\"><strong><img decoding=\"async\" class=\"alignright\" src=\"https:\/\/img2.freepng.es\/20180329\/afw\/kisspng-emoji-eye-emoticon-smiley-sticker-eyes-5abce2f8274870.6199540315223283121609.jpg\" alt=\"Emoji, Ojo, Emoticon imagen png - imagen transparente descarga ...\" width=\"241\" height=\"139\" \/><\/strong><\/span><\/h3>\n<h2 style=\"text-align: right;\"><span style=\"color: #800000;\"><strong>Multimedia<\/strong><\/span><\/h2>\n<p style=\"text-align: right;\"><span style=\"color: #800000;\"><strong>Canal<\/strong>\u00a0IDTP\u00a0 en\u00a0 Youtube<\/span><\/p>\n<p style=\"text-align: right;\"><a href=\"http:\/\/www.youtube.com\/user\/idtpbilbao\">http:\/\/www.youtube.com\/user\/idtpbilbao<\/a><\/p>\n<p style=\"text-align: right;\"><strong><span style=\"color: #800000;\">Audios- Escucha las conferencias\u00a0<\/span><\/strong><\/p>\n<blockquote class=\"wp-embedded-content\" data-secret=\"MndUoUHAJU\"><p><a href=\"https:\/\/idtp.org\/es\/audios\/\">Audios<\/a><\/p><\/blockquote>\n<p><iframe class=\"wp-embedded-content\" sandbox=\"allow-scripts\" security=\"restricted\" style=\"position: absolute; clip: rect(1px, 1px, 1px, 1px);\" title=\"\u00abAudios\u00bb \u2014 Instituto Diocesano de Teolog\u00eda y Pastoral - IDTP\" src=\"https:\/\/idtp.org\/es\/audios\/embed\/#?secret=MndUoUHAJU\" data-secret=\"MndUoUHAJU\" width=\"600\" height=\"338\" frameborder=\"0\" marginwidth=\"0\" marginheight=\"0\" scrolling=\"no\"><\/iframe><\/p>\n<h3 style=\"text-align: right;\"><span style=\"color: #993366;\">\u00a0A modo de\u00a0 de muestra&#8230;<\/span><\/h3>\n<h3 style=\"text-align: right;\"><span style=\"color: #993366;\">Algo de actualidad&#8230; <\/span><\/h3>\n<h3 style=\"text-align: right;\"><span style=\"color: #993366;\">La Renta B\u00e1sica Universal- Imanol\u00a0 Zubero<\/span><\/h3>\n<p><iframe title=\"Sesi\u00f3n 3 - Pol\u00edticas ante el futuro del trabajo. La Renta B\u00e1sica Universal\" width=\"960\" height=\"540\" src=\"https:\/\/www.youtube.com\/embed\/SPvoDuSRDU8?feature=oembed\" frameborder=\"0\" allow=\"accelerometer; autoplay; encrypted-media; gyroscope; picture-in-picture\" allowfullscreen><\/iframe><\/p>\n","protected":false},"excerpt":{"rendered":"<p>\u00abLa formaci\u00f3n de laicos y la evangelizaci\u00f3n de los grupos profesionales e intelectuales constituyen un desaf\u00edo pastoral importante\u00bb\u00a0 (E.G. num 102) &nbsp; El Instituto Diocesano de Teolog\u00eda y Pastoral es una fundaci\u00f3n creada por la Di\u00f3cesis de Bilbao en 1980 para colaborar en la misi\u00f3n evangelizadora desde el fomento de la formaci\u00f3n teol\u00f3gico-pastoral del laicado y de los ministerios eclesiales, del estudio y la reflexi\u00f3n y del di\u00e1logo con la sociedad, la cultura y el pensamiento actual. La actividad formativa se realiza principalmente a trav\u00e9s de cursos, jornadas y conferencias.\u00a0 En sus enlaces online esta disponible la gran oferta de conferencias realizadas. Seguro que encuentras temas que son de tu inter\u00e9s. Estas actividades se realizan en la sede de Barria (Plaza Nueva 4, 1\u00aa 48005 Bilbao) y en distintos lugares de la di\u00f3cesis.\u00a0 \u00a0 \u00a0 \u00a0 \u00a0 \u00a0 \u00a0Secretar\u00eda: Tlf.\u00a0944795652 Fax: 946790061\u00a0 &#8211;\u00a0 \u00a0 \u00a0Mail: \u00a0\u00a0idtp@idtp.org &nbsp; SERVICIOS QUE OFRECE: &nbsp; &nbsp; El Instituto ofrece su servicio tambi\u00e9n en la pastoral: lectura guiada de un libro en grupos, formaci\u00f3n a quienes estamos en la pastoral, &#8230;. En la imagen encontrar\u00e1s un listado m\u00e1s amplio de su oferta formativa. &nbsp; &nbsp; Tienes a tu disposici\u00f3n la Mediateca, la Formaci\u00f3n continua y una Biblioteca con catalogo online. Pincha en los enlaces y descubre\u00a0 lo que esta a tu disposici\u00f3n.\u00a0 \u00a0 \u00a0 \u00a0 \u00a0\u00a0 http:\/\/www.bizkeliza.org\/documentos-y-recursos\/ikusikasi-mediateca\/mediateca\/?no_cache=1http:\/\/prestakuntza.idtp.org\/http:\/\/biblioteca.idtp.org\/opac Multimedia Canal\u00a0IDTP\u00a0 en\u00a0 Youtube http:\/\/www.youtube.com\/user\/idtpbilbao Audios- Escucha las conferencias\u00a0 \u00a0A modo de\u00a0 de muestra&#8230; Algo de actualidad&#8230; La Renta B\u00e1sica Universal- Imanol\u00a0 Zubero<\/p>\n","protected":false},"author":1,"featured_media":0,"parent":0,"menu_order":0,"comment_status":"closed","ping_status":"closed","template":"","meta":{"footnotes":""},"class_list":["post-1139","page","type-page","status-publish","hentry"],"aioseo_notices":[],"acf":[],"_links":{"self":[{"href":"https:\/\/vicaria6.bizkeliza.net\/index.php?rest_route=\/wp\/v2\/pages\/1139","targetHints":{"allow":["GET"]}}],"collection":[{"href":"https:\/\/vicaria6.bizkeliza.net\/index.php?rest_route=\/wp\/v2\/pages"}],"about":[{"href":"https:\/\/vicaria6.bizkeliza.net\/index.php?rest_route=\/wp\/v2\/types\/page"}],"author":[{"embeddable":true,"href":"https:\/\/vicaria6.bizkeliza.net\/index.php?rest_route=\/wp\/v2\/users\/1"}],"replies":[{"embeddable":true,"href":"https:\/\/vicaria6.bizkeliza.net\/index.php?rest_route=%2Fwp%2Fv2%2Fcomments&post=1139"}],"version-history":[{"count":11,"href":"https:\/\/vicaria6.bizkeliza.net\/index.php?rest_route=\/wp\/v2\/pages\/1139\/revisions"}],"predecessor-version":[{"id":1893,"href":"https:\/\/vicaria6.bizkeliza.net\/index.php?rest_route=\/wp\/v2\/pages\/1139\/revisions\/1893"}],"wp:attachment":[{"href":"https:\/\/vicaria6.bizkeliza.net\/index.php?rest_route=%2Fwp%2Fv2%2Fmedia&parent=1139"}],"curies":[{"name":"wp","href":"https:\/\/api.w.org\/{rel}","templated":true}]}}