{"id":1521,"date":"2020-06-30T08:41:09","date_gmt":"2020-06-30T08:41:09","guid":{"rendered":"https:\/\/vicaria6.bizkeliza.net\/?page_id=1521"},"modified":"2020-07-29T09:24:14","modified_gmt":"2020-07-29T09:24:14","slug":"necesito-ayuda-caritas","status":"publish","type":"page","link":"https:\/\/vicaria6.bizkeliza.net\/?page_id=1521","title":{"rendered":"Necesito ayuda- C\u00e1ritas"},"content":{"rendered":"<p>&nbsp;<\/p>\n<h3>A la <span style=\"color: #ff6600;\">Acogida de C\u00e1ritas en nuestra Vicar\u00eda VI<\/span>\u00a0 puede acudir cualquier persona que se encuentre en necesidad de exponer una problem\u00e1tica que le afecte y buscar soluciones para resolverla as\u00ed como ofrecer apoyos personales y materiales como:<\/h3>\n<p><img fetchpriority=\"high\" decoding=\"async\" class=\"wp-image-2001 alignleft\" src=\"https:\/\/vicaria6.bizkeliza.net\/wp-content\/uploads\/2020\/07\/VICARIA-VI-CARITAS-300x210.jpg\" alt=\"CARITAS VICARIA VI\" width=\"326\" height=\"228\" srcset=\"https:\/\/vicaria6.bizkeliza.net\/wp-content\/uploads\/2020\/07\/VICARIA-VI-CARITAS-300x210.jpg 300w, https:\/\/vicaria6.bizkeliza.net\/wp-content\/uploads\/2020\/07\/VICARIA-VI-CARITAS.jpg 735w\" sizes=\"(max-width: 326px) 100vw, 326px\" \/><\/p>\n<p>&#8211; pedir informaci\u00f3n y asesoramiento sobre recursos sociales, ayudas, servicios, derechos que puedan corresponderle<\/p>\n<p>&#8211; tr\u00e1mites y gestiones para lograr una soluci\u00f3n adecuada<\/p>\n<p>&#8211; orientaci\u00f3n sobre la b\u00fasqueda de empleo (especialmente en el sector del hogar familiar)<\/p>\n<p>&#8211; acciones formativas para personas adultas y mayores.<\/p>\n<p>&#8211; grupos para mejorar el aprendizaje del castellano de personas extranjeras<\/p>\n<p>&#8211; ayudas econ\u00f3micas en situaciones especiales cuando no hay otros recursos en la sociedad.<\/p>\n<h4><span style=\"color: #ff9900;\">\u00a0Tambien puedes ofrecerte para ser parte del equipo de\u00a0 colaboradores voluntarios en C\u00e1ritas o conocer otras vias de aportaci\u00f3n econ\u00f3mica, laboral, humana&#8230;<\/span><\/h4>\n<p>Para todo o parte de lo dicho&#8230;<\/p>\n<p>&nbsp;<\/p>\n<h4><img decoding=\"async\" class=\"size-medium wp-image-1999 alignleft\" src=\"https:\/\/vicaria6.bizkeliza.net\/wp-content\/uploads\/2020\/07\/dedo-300x158.jpg\" alt=\"Dirigete al n\u00famero\" width=\"300\" height=\"158\" srcset=\"https:\/\/vicaria6.bizkeliza.net\/wp-content\/uploads\/2020\/07\/dedo-300x158.jpg 300w, https:\/\/vicaria6.bizkeliza.net\/wp-content\/uploads\/2020\/07\/dedo-1024x538.jpg 1024w, https:\/\/vicaria6.bizkeliza.net\/wp-content\/uploads\/2020\/07\/dedo-768x403.jpg 768w, https:\/\/vicaria6.bizkeliza.net\/wp-content\/uploads\/2020\/07\/dedo-1140x599.jpg 1140w, https:\/\/vicaria6.bizkeliza.net\/wp-content\/uploads\/2020\/07\/dedo.jpg 1200w\" sizes=\"(max-width: 300px) 100vw, 300px\" \/><span style=\"color: #ff0000;\">Dirigete al n\u00famero\u00a0 68869 69 29<\/span><\/h4>\n<p style=\"font-weight: 400;\">A partir de octubre es posible que podamos actualizar todo con informaci\u00f3n m\u00e1s precisa de los lugares y personas de los equipos de acogida por territorios.<\/p>\n","protected":false},"excerpt":{"rendered":"<p>&nbsp; A la Acogida de C\u00e1ritas en nuestra Vicar\u00eda VI\u00a0 puede acudir cualquier persona que se encuentre en necesidad de exponer una problem\u00e1tica que le afecte y buscar soluciones para resolverla as\u00ed como ofrecer apoyos personales y materiales como: &#8211; pedir informaci\u00f3n y asesoramiento sobre recursos sociales, ayudas, servicios, derechos que puedan corresponderle &#8211; tr\u00e1mites y gestiones para lograr una soluci\u00f3n adecuada &#8211; orientaci\u00f3n sobre la b\u00fasqueda de empleo (especialmente en el sector del hogar familiar) &#8211; acciones formativas para personas adultas y mayores. &#8211; grupos para mejorar el aprendizaje del castellano de personas extranjeras &#8211; ayudas econ\u00f3micas en situaciones especiales cuando no hay otros recursos en la sociedad. \u00a0Tambien puedes ofrecerte para ser parte del equipo de\u00a0 colaboradores voluntarios en C\u00e1ritas o conocer otras vias de aportaci\u00f3n econ\u00f3mica, laboral, humana&#8230; Para todo o parte de lo dicho&#8230; &nbsp; Dirigete al n\u00famero\u00a0 68869 69 29 A partir de octubre es posible que podamos actualizar todo con informaci\u00f3n m\u00e1s precisa de los lugares y personas de los equipos de acogida por territorios.<\/p>\n","protected":false},"author":1,"featured_media":0,"parent":0,"menu_order":0,"comment_status":"closed","ping_status":"closed","template":"","meta":{"footnotes":""},"class_list":["post-1521","page","type-page","status-publish","hentry"],"aioseo_notices":[],"acf":[],"_links":{"self":[{"href":"https:\/\/vicaria6.bizkeliza.net\/index.php?rest_route=\/wp\/v2\/pages\/1521","targetHints":{"allow":["GET"]}}],"collection":[{"href":"https:\/\/vicaria6.bizkeliza.net\/index.php?rest_route=\/wp\/v2\/pages"}],"about":[{"href":"https:\/\/vicaria6.bizkeliza.net\/index.php?rest_route=\/wp\/v2\/types\/page"}],"author":[{"embeddable":true,"href":"https:\/\/vicaria6.bizkeliza.net\/index.php?rest_route=\/wp\/v2\/users\/1"}],"replies":[{"embeddable":true,"href":"https:\/\/vicaria6.bizkeliza.net\/index.php?rest_route=%2Fwp%2Fv2%2Fcomments&post=1521"}],"version-history":[{"count":4,"href":"https:\/\/vicaria6.bizkeliza.net\/index.php?rest_route=\/wp\/v2\/pages\/1521\/revisions"}],"predecessor-version":[{"id":2002,"href":"https:\/\/vicaria6.bizkeliza.net\/index.php?rest_route=\/wp\/v2\/pages\/1521\/revisions\/2002"}],"wp:attachment":[{"href":"https:\/\/vicaria6.bizkeliza.net\/index.php?rest_route=%2Fwp%2Fv2%2Fmedia&parent=1521"}],"curies":[{"name":"wp","href":"https:\/\/api.w.org\/{rel}","templated":true}]}}