{"id":1533,"date":"2020-06-30T08:43:18","date_gmt":"2020-06-30T08:43:18","guid":{"rendered":"https:\/\/vicaria6.bizkeliza.net\/?page_id=1533"},"modified":"2020-08-10T10:18:59","modified_gmt":"2020-08-10T10:18:59","slug":"quiero-apuntarme-a-catequesis","status":"publish","type":"page","link":"https:\/\/vicaria6.bizkeliza.net\/?page_id=1533","title":{"rendered":"Quiero apuntarme- apuntarle a catequesis"},"content":{"rendered":"<h3><strong>Catequesis \u00bfQu\u00e9 tengo que hacer para apuntar a catequesis?<\/strong><\/h3>\n<h3><strong>Vicaria VI- Di\u00f3cesis de Bilbao- Bizkaia<\/strong><\/h3>\n<h5><a href=\"https:\/\/vicaria6.bizkeliza.net\/wp-content\/uploads\/2020\/08\/inicacion-cristiana-1.jpg\"><img fetchpriority=\"high\" decoding=\"async\" class=\"size-medium wp-image-2121 alignleft\" src=\"https:\/\/vicaria6.bizkeliza.net\/wp-content\/uploads\/2020\/08\/inicacion-cristiana-1-300x238.jpg\" alt=\"\" width=\"300\" height=\"238\" srcset=\"https:\/\/vicaria6.bizkeliza.net\/wp-content\/uploads\/2020\/08\/inicacion-cristiana-1-300x238.jpg 300w, https:\/\/vicaria6.bizkeliza.net\/wp-content\/uploads\/2020\/08\/inicacion-cristiana-1.jpg 512w\" sizes=\"(max-width: 300px) 100vw, 300px\" \/><\/a>Catequesis de adultos:<\/h5>\n<p>Si eres una persona adulta y quieres inicarte a la fe cat\u00f3lica puedes ponerte en contacto a trav\u00e9s del mail: anunciovicariasexta@gmail.com<\/p>\n<p>&nbsp;<\/p>\n<h5>Catequeis de Infancia:<\/h5>\n<p><strong>\u2013 \u00bfQu\u00e9 tengo que hacer para apuntar a mi hijo en la catequesis de la parroquia? \u00bfHay catequesis para j\u00f3venes, adultos\u2026?<\/p>\n<p><\/strong>La catequesis es un elemento fundamental en la formaci\u00f3n cristiana.<br \/>\nLa catequesis sirve para conocer los elementos m\u00e1s importantes de nuestra fe; para aprender a conocer m\u00e1s en profundidad lo que creemos los cat\u00f3licos y por qu\u00e9 lo creemos. Tambi\u00e9n es el espacio de iniciaci\u00f3n a vivir la fe en comunidad.<br \/>\nEn cada parroquia se organizan anualmente cursos de catequesis a distintos niveles:<\/p>\n<p><strong>\u2013 Para ni\u00f1os:<\/strong><br \/>\nCada parroquia tiene tres o cuatro cursos de\u00a0<strong>catequesis de infancia<\/strong>\u00a0que abarca de los 6 \u00f3 7 a\u00f1os hasta aproximadamente los 10 a\u00f1os.<br \/>\nLa edad para apuntar a su hijo\/a en catequesis \u00a0en nuestra di\u00f3cesis es de 6 a\u00f1os, cuando inician el primer cursos de Primaria.<\/p>\n<p><strong>\u00bfCu\u00e1ndo hay que apuntar a los ni\u00f1os en catequesis?<\/strong><br \/>\n\u2013 Cada parroquia establece libremente las fechas de inscripci\u00f3n. Estaran visibles en los tablones de anuncio. Puede acercarse o bien ver ponerse en contacto telef\u00f3nico para informarse. Cada parroquia la que determina la fecha en la que empieza y acaba la catequesis parroquial.<\/p>\n<p><strong>\u2013 Ni\u00f1os de continuidad:<br \/>\n<\/strong>Una vez que termina la primera comuni\u00f3n muchas parroquias ofrecen a los ni\u00f1os catequesis para seguir profundizando en el conocimiento y vivencia de la fe. Esta etapa abarca aproximadamente entre los 10 y los 12 a\u00f1os. Se llama Post-Comunion.<\/p>\n<p><strong>\u2013 Grupos de preadolescentes:<br \/>\n<\/strong>Es la etapa siguiente en la catequesis. A partir de los 12 a\u00f1os hasta los 14-15 a\u00f1os aproximadamente.<\/p>\n<p>\u2013\u00a0<strong>Grupo de j\u00f3venes:<br \/>\n<\/strong>De 15 a\u00f1os en adelante hasta los 19-20 a\u00f1os aproximadamente. En esta etapa es cuando se recibe el sacramento de la confirmaci\u00f3n.<\/p>\n<p><strong>\u2013 Grupos de adultos:<br \/>\n<\/strong>Catequesis para personas adultas que intentan profundizar y conocer mejor su fe. Estos grupos existen en numerosas parroquias y son un espacio privilegiado de formaci\u00f3n humana y cristiana.<\/p>\n<p><strong>\u2013 \u00bfQu\u00e9 puedo hacer si en mi parroquia no existe alguno de estos grupos en los que estoy interesado en participar?<\/strong><br \/>\nPuede consultar la situaci\u00f3n con la\u00a0 persona responsable del Anuncio y la Catequesis en\u00a0 la Vicar\u00eda VI por correo electr\u00f3nico <a href=\"mailto:anunciovicariasexta@gmail.com\">anunciovicariasexta@gmail.com<\/a><\/p>\n<p>Si desea m\u00e1s informaci\u00f3n en concreto sobre la catequesis de su parroquia p\u00f3ngase en contacto directo con cada parroquia en horario de despacho parroquial. En nuestra web vamos a\u00f1adiendo \u00a0las direcciones y contactos de las parroquias de nuestra vicar\u00eda.<\/p>\n<p>&nbsp;<\/p>\n<p>&nbsp;<\/p>\n","protected":false},"excerpt":{"rendered":"<p>Catequesis \u00bfQu\u00e9 tengo que hacer para apuntar a catequesis? Vicaria VI- Di\u00f3cesis de Bilbao- Bizkaia Catequesis de adultos: Si eres una persona adulta y quieres inicarte a la fe cat\u00f3lica puedes ponerte en contacto a trav\u00e9s del mail: anunciovicariasexta@gmail.com &nbsp; Catequeis de Infancia: \u2013 \u00bfQu\u00e9 tengo que hacer para apuntar a mi hijo en la catequesis de la parroquia? \u00bfHay catequesis para j\u00f3venes, adultos\u2026? La catequesis es un elemento fundamental en la formaci\u00f3n cristiana. La catequesis sirve para conocer los elementos m\u00e1s importantes de nuestra fe; para aprender a conocer m\u00e1s en profundidad lo que creemos los cat\u00f3licos y por qu\u00e9 lo creemos. Tambi\u00e9n es el espacio de iniciaci\u00f3n a vivir la fe en comunidad. En cada parroquia se organizan anualmente cursos de catequesis a distintos niveles: \u2013 Para ni\u00f1os: Cada parroquia tiene tres o cuatro cursos de\u00a0catequesis de infancia\u00a0que abarca de los 6 \u00f3 7 a\u00f1os hasta aproximadamente los 10 a\u00f1os. La edad para apuntar a su hijo\/a en catequesis \u00a0en nuestra di\u00f3cesis es de 6 a\u00f1os, cuando inician el primer cursos de Primaria. \u00bfCu\u00e1ndo hay que apuntar a los ni\u00f1os en catequesis? \u2013 Cada parroquia establece libremente las fechas de inscripci\u00f3n. Estaran visibles en los tablones de anuncio. Puede acercarse o bien ver ponerse en contacto telef\u00f3nico para informarse. Cada parroquia la que determina la fecha en la que empieza y acaba la catequesis parroquial. \u2013 Ni\u00f1os de continuidad: Una vez que termina la primera comuni\u00f3n muchas parroquias ofrecen a los ni\u00f1os catequesis para seguir profundizando en el conocimiento y vivencia de la fe. Esta etapa abarca aproximadamente entre los 10 y los 12 a\u00f1os. Se llama Post-Comunion. \u2013 Grupos de preadolescentes: Es la etapa siguiente en la catequesis. A partir de los 12 a\u00f1os hasta los 14-15 a\u00f1os aproximadamente. \u2013\u00a0Grupo de j\u00f3venes: De 15 a\u00f1os en adelante hasta los 19-20 a\u00f1os aproximadamente. En esta etapa es cuando se recibe el sacramento de la confirmaci\u00f3n. \u2013 Grupos de adultos: Catequesis para personas adultas que intentan profundizar y conocer mejor su fe. Estos grupos existen en numerosas parroquias y son un espacio privilegiado de formaci\u00f3n humana y cristiana. \u2013 \u00bfQu\u00e9 puedo hacer si en mi parroquia no existe alguno de estos grupos en los que estoy interesado en participar? Puede consultar la situaci\u00f3n con la\u00a0 persona responsable del Anuncio y la Catequesis en\u00a0 la Vicar\u00eda VI por correo electr\u00f3nico anunciovicariasexta@gmail.com Si desea m\u00e1s informaci\u00f3n en concreto sobre la catequesis de su parroquia p\u00f3ngase en contacto directo con cada parroquia en horario de despacho parroquial. En nuestra web vamos a\u00f1adiendo \u00a0las direcciones y contactos de las parroquias de nuestra vicar\u00eda. &nbsp; &nbsp;<\/p>\n","protected":false},"author":1,"featured_media":0,"parent":0,"menu_order":0,"comment_status":"closed","ping_status":"closed","template":"","meta":{"footnotes":""},"class_list":["post-1533","page","type-page","status-publish","hentry"],"aioseo_notices":[],"acf":[],"_links":{"self":[{"href":"https:\/\/vicaria6.bizkeliza.net\/index.php?rest_route=\/wp\/v2\/pages\/1533","targetHints":{"allow":["GET"]}}],"collection":[{"href":"https:\/\/vicaria6.bizkeliza.net\/index.php?rest_route=\/wp\/v2\/pages"}],"about":[{"href":"https:\/\/vicaria6.bizkeliza.net\/index.php?rest_route=\/wp\/v2\/types\/page"}],"author":[{"embeddable":true,"href":"https:\/\/vicaria6.bizkeliza.net\/index.php?rest_route=\/wp\/v2\/users\/1"}],"replies":[{"embeddable":true,"href":"https:\/\/vicaria6.bizkeliza.net\/index.php?rest_route=%2Fwp%2Fv2%2Fcomments&post=1533"}],"version-history":[{"count":3,"href":"https:\/\/vicaria6.bizkeliza.net\/index.php?rest_route=\/wp\/v2\/pages\/1533\/revisions"}],"predecessor-version":[{"id":2122,"href":"https:\/\/vicaria6.bizkeliza.net\/index.php?rest_route=\/wp\/v2\/pages\/1533\/revisions\/2122"}],"wp:attachment":[{"href":"https:\/\/vicaria6.bizkeliza.net\/index.php?rest_route=%2Fwp%2Fv2%2Fmedia&parent=1533"}],"curies":[{"name":"wp","href":"https:\/\/api.w.org\/{rel}","templated":true}]}}