{"id":1560,"date":"2020-06-30T09:03:56","date_gmt":"2020-06-30T09:03:56","guid":{"rendered":"https:\/\/vicaria6.bizkeliza.net\/?page_id=1560"},"modified":"2020-07-09T21:15:36","modified_gmt":"2020-07-09T21:15:36","slug":"liturgia-y-espiritualidad","status":"publish","type":"page","link":"https:\/\/vicaria6.bizkeliza.net\/?page_id=1560","title":{"rendered":"LITURGIA Y ESPIRITUALIDAD"},"content":{"rendered":"<h3><span style=\"color: #339966;\"><em>&#8220;No se cansen de encontrar al Se\u00f1or Jes\u00fas en la oraci\u00f3n, la escucha de la Palabra de Dios y la participaci\u00f3n en la Eucarist\u00eda.&#8221; Papa Francisco<\/em><\/span><\/h3>\n<p>La fe no es algo por encima o por delante o por detr\u00e1s de la vida sino m\u00e1s bien la misma vida pero amasada, mezclada con la experiencia de Dios que el creyente tiene; es la misma vida pero tocada y animada por el Esp\u00edritu de Jes\u00fas que pone en ella una esperanza, una fuerza y un compromiso.<\/p>\n<p>Y \u00a1Esto hay que celebrarlo!<\/p>\n<p>La fe que no se celebra no se expande. La liturgia es el modo y la forma en que la comunidad cristiana expresa y celebra la vida de fe, la fe de la vida.<\/p>\n<p><iframe title=\"Nuevo delegado diocesano de Liturgia\" width=\"960\" height=\"540\" src=\"https:\/\/www.youtube.com\/embed\/5wpZZl26bTU?feature=oembed\" frameborder=\"0\" allow=\"accelerometer; autoplay; encrypted-media; gyroscope; picture-in-picture\" allowfullscreen><\/iframe><\/p>\n","protected":false},"excerpt":{"rendered":"<p>&#8220;No se cansen de encontrar al Se\u00f1or Jes\u00fas en la oraci\u00f3n, la escucha de la Palabra de Dios y la participaci\u00f3n en la Eucarist\u00eda.&#8221; Papa Francisco La fe no es algo por encima o por delante o por detr\u00e1s de la vida sino m\u00e1s bien la misma vida pero amasada, mezclada con la experiencia de Dios que el creyente tiene; es la misma vida pero tocada y animada por el Esp\u00edritu de Jes\u00fas que pone en ella una esperanza, una fuerza y un compromiso. Y \u00a1Esto hay que celebrarlo! La fe que no se celebra no se expande. La liturgia es el modo y la forma en que la comunidad cristiana expresa y celebra la vida de fe, la fe de la vida.<\/p>\n","protected":false},"author":1,"featured_media":0,"parent":0,"menu_order":0,"comment_status":"closed","ping_status":"closed","template":"","meta":{"footnotes":""},"class_list":["post-1560","page","type-page","status-publish","hentry"],"aioseo_notices":[],"acf":[],"_links":{"self":[{"href":"https:\/\/vicaria6.bizkeliza.net\/index.php?rest_route=\/wp\/v2\/pages\/1560","targetHints":{"allow":["GET"]}}],"collection":[{"href":"https:\/\/vicaria6.bizkeliza.net\/index.php?rest_route=\/wp\/v2\/pages"}],"about":[{"href":"https:\/\/vicaria6.bizkeliza.net\/index.php?rest_route=\/wp\/v2\/types\/page"}],"author":[{"embeddable":true,"href":"https:\/\/vicaria6.bizkeliza.net\/index.php?rest_route=\/wp\/v2\/users\/1"}],"replies":[{"embeddable":true,"href":"https:\/\/vicaria6.bizkeliza.net\/index.php?rest_route=%2Fwp%2Fv2%2Fcomments&post=1560"}],"version-history":[{"count":4,"href":"https:\/\/vicaria6.bizkeliza.net\/index.php?rest_route=\/wp\/v2\/pages\/1560\/revisions"}],"predecessor-version":[{"id":1927,"href":"https:\/\/vicaria6.bizkeliza.net\/index.php?rest_route=\/wp\/v2\/pages\/1560\/revisions\/1927"}],"wp:attachment":[{"href":"https:\/\/vicaria6.bizkeliza.net\/index.php?rest_route=%2Fwp%2Fv2%2Fmedia&parent=1560"}],"curies":[{"name":"wp","href":"https:\/\/api.w.org\/{rel}","templated":true}]}}