{"id":212,"date":"2020-05-28T08:17:15","date_gmt":"2020-05-28T08:17:15","guid":{"rendered":"https:\/\/vicaria6.bizkeliza.net\/?page_id=212"},"modified":"2020-06-10T11:31:11","modified_gmt":"2020-06-10T11:31:11","slug":"caritas","status":"publish","type":"page","link":"https:\/\/vicaria6.bizkeliza.net\/?page_id=212","title":{"rendered":"CARITAS"},"content":{"rendered":"<h1><span style=\"color: #ff6600;\">DIMENSION CARITATIVA DE LA\u00a0 COMUNIDAD<\/span><\/h1>\n<p style=\"text-align: center;\"><strong><em>Somos C\u00e1ritas, somo personas con coraz\u00f3n<\/em><\/strong><\/p>\n<p><iframe title=\"Somos C\u00e1ritas, somos personas con coraz\u00f3n [largo]\" width=\"960\" height=\"540\" src=\"https:\/\/www.youtube.com\/embed\/KovB5lW70ug?feature=oembed\" frameborder=\"0\" allow=\"accelerometer; autoplay; encrypted-media; gyroscope; picture-in-picture\" allowfullscreen><\/iframe><\/p>\n<p style=\"text-align: right;\"><span style=\"color: #ff0000;\"><i><span style=\"font-family: Verdana, Arial, Helvetica, sans-serif; font-size: small;\">Entonces el rey dir\u00e1 a los que est\u00e1n a la derecha:<br \/>\n\u00a1&#8221;Vengan, los bendecidos por mi Padre!<br \/>\nTomen posesi\u00f3n del reino que ha sido preparado<br \/>\npara ustedes desde el principio del mundo.<br \/>\nPorque tuve hambre y ustedes me alimentaron;<br \/>\ntuve sed y ustedes me dieron de beber.<br \/>\nPas\u00e9 como forastero<br \/>\ny ustedes me recibieron en su casa.<br \/>\nAnduve sin ropas y me vistieron.<br \/>\nEstaba enfermo y fueron a visitarme.<br \/>\nEstuve en la c\u00e1rcel y me fueron a ver.<\/span><\/i><span style=\"font-family: Verdana, Arial, Helvetica, sans-serif; font-size: small;\"><br \/>\n<\/span><span style=\"font-family: Verdana, Arial, Helvetica, sans-serif; font-size: xx-small;\">Mt 25, 34-36<\/span><\/span><\/p>\n<h5 align=\"JUSTIFY\"><span style=\"font-family: Verdana, Arial, Helvetica, sans-serif; font-size: small;\"><span style=\"font-family: Verdana, Arial, Helvetica, sans-serif; font-size: small;\">\u00bfQu\u00e9 es la dimensi\u00f3n caritativa de la comunidad? Es la vivencia concreta del amor al hermano necesitado. Constituye el testimonio m\u00e1s cre\u00edble de la fe cristiana. Se expresa en acciones parroquiales que superan el asistencialismo y apuntan a la promoci\u00f3n integral de las personas y del tejido social.<\/span><\/span><\/h5>\n<p>&nbsp;<\/p>\n<p>&nbsp;<\/p>\n<h3 style=\"text-align: center;\"><span style=\"color: #ff0000;\"><strong>Si quieres ponerte en contacto con C\u00c1RITAS puedes hacerlo en el tel\u00e9fono\u00a0<\/strong><\/span><\/h3>\n<h3 style=\"text-align: center;\"><span style=\"color: #ff0000;\"><strong><a style=\"color: #ff0000;\" href=\"mailto:+34944020099\">94 402 00 99<\/a><\/strong><\/span><\/h3>\n<p><iframe title=\"Comienzos - C\u00e1ritas Bizkaia\" width=\"960\" height=\"540\" src=\"https:\/\/www.youtube.com\/embed\/AUtESmsB2j4?feature=oembed\" frameborder=\"0\" allow=\"accelerometer; autoplay; encrypted-media; gyroscope; picture-in-picture\" allowfullscreen><\/iframe><\/p>\n<p>&nbsp;<\/p>\n<p>&nbsp;<\/p>\n<h5><span style=\"color: #ff0000;\">Toda la informaci\u00f3n en su pagina web:<\/span><\/h5>\n<p><a href=\"https:\/\/www.caritasbi.org\/cas\/\">https:\/\/www.caritasbi.org\/cas\/<\/a><\/p>\n<p><a href=\"https:\/\/www.caritasbi.org\/eus\/\">https:\/\/www.caritasbi.org\/eus\/<\/a><\/p>\n<p style=\"text-align: right;\"><span style=\"color: #ff6600;\"><span style=\"font-family: Verdana, Arial, Helvetica, sans-serif; font-size: xx-small;\">.<\/span><\/span><\/p>\n","protected":false},"excerpt":{"rendered":"<p>DIMENSION CARITATIVA DE LA\u00a0 COMUNIDAD Somos C\u00e1ritas, somo personas con coraz\u00f3n Entonces el rey dir\u00e1 a los que est\u00e1n a la derecha: \u00a1&#8221;Vengan, los bendecidos por mi Padre! Tomen posesi\u00f3n del reino que ha sido preparado para ustedes desde el principio del mundo. Porque tuve hambre y ustedes me alimentaron; tuve sed y ustedes me dieron de beber. Pas\u00e9 como forastero y ustedes me recibieron en su casa. Anduve sin ropas y me vistieron. Estaba enfermo y fueron a visitarme. Estuve en la c\u00e1rcel y me fueron a ver. Mt 25, 34-36 \u00bfQu\u00e9 es la dimensi\u00f3n caritativa de la comunidad? Es la vivencia concreta del amor al hermano necesitado. Constituye el testimonio m\u00e1s cre\u00edble de la fe cristiana. Se expresa en acciones parroquiales que superan el asistencialismo y apuntan a la promoci\u00f3n integral de las personas y del tejido social. &nbsp; &nbsp; Si quieres ponerte en contacto con C\u00c1RITAS puedes hacerlo en el tel\u00e9fono\u00a0 94 402 00 99 &nbsp; &nbsp; Toda la informaci\u00f3n en su pagina web: https:\/\/www.caritasbi.org\/cas\/ https:\/\/www.caritasbi.org\/eus\/ .<\/p>\n","protected":false},"author":1,"featured_media":0,"parent":0,"menu_order":0,"comment_status":"closed","ping_status":"closed","template":"","meta":{"footnotes":""},"class_list":["post-212","page","type-page","status-publish","hentry"],"aioseo_notices":[],"acf":[],"_links":{"self":[{"href":"https:\/\/vicaria6.bizkeliza.net\/index.php?rest_route=\/wp\/v2\/pages\/212","targetHints":{"allow":["GET"]}}],"collection":[{"href":"https:\/\/vicaria6.bizkeliza.net\/index.php?rest_route=\/wp\/v2\/pages"}],"about":[{"href":"https:\/\/vicaria6.bizkeliza.net\/index.php?rest_route=\/wp\/v2\/types\/page"}],"author":[{"embeddable":true,"href":"https:\/\/vicaria6.bizkeliza.net\/index.php?rest_route=\/wp\/v2\/users\/1"}],"replies":[{"embeddable":true,"href":"https:\/\/vicaria6.bizkeliza.net\/index.php?rest_route=%2Fwp%2Fv2%2Fcomments&post=212"}],"version-history":[{"count":4,"href":"https:\/\/vicaria6.bizkeliza.net\/index.php?rest_route=\/wp\/v2\/pages\/212\/revisions"}],"predecessor-version":[{"id":1216,"href":"https:\/\/vicaria6.bizkeliza.net\/index.php?rest_route=\/wp\/v2\/pages\/212\/revisions\/1216"}],"wp:attachment":[{"href":"https:\/\/vicaria6.bizkeliza.net\/index.php?rest_route=%2Fwp%2Fv2%2Fmedia&parent=212"}],"curies":[{"name":"wp","href":"https:\/\/api.w.org\/{rel}","templated":true}]}}