{"id":243,"date":"2020-05-28T08:34:32","date_gmt":"2020-05-28T08:34:32","guid":{"rendered":"https:\/\/vicaria6.bizkeliza.net\/?page_id=243"},"modified":"2020-11-23T18:32:18","modified_gmt":"2020-11-23T18:32:18","slug":"economia","status":"publish","type":"page","link":"https:\/\/vicaria6.bizkeliza.net\/?page_id=243","title":{"rendered":"TRANSPARENCIA"},"content":{"rendered":"<div id=\"c12636\" class=\"frame default\">\n<h3><span style=\"color: #339966;\"><em>&#8220;Insto a los cristianos a tener la osad\u00eda de crear una cultura de mayor transparencia entre los gobiernos, el sector privado y la poblaci\u00f3n&#8221;. Papa Francisco<\/em><\/span><\/h3>\n<h3><\/h3>\n<h3>ENTRA<\/h3>\n<h3><span style=\"color: #ff0000;\"><a style=\"color: #ff0000;\" href=\"https:\/\/transparencia.bizkeliza.net\/\">PORTAL DE TRANSPARENCIA DE LA DIOCESIS DE BILBAO<\/a><\/span><\/h3>\n<p>&nbsp;<\/p>\n<\/div>\n<h2><\/h2>\n<h2>EN LA DIOCESIS DE BILBAO<\/h2>\n<div id=\"c12636\" class=\"frame default\">\n<ul>\n<li><a href=\"http:\/\/www.bizkeliza.org\/transparencia\/quienes-somos\/\">Qui\u00e9nes somos<\/a><\/li>\n<li><a href=\"http:\/\/www.bizkeliza.org\/transparencia\/organigrama\/\">Organigrama<\/a><\/li>\n<li><a href=\"http:\/\/www.bizkeliza.org\/transparencia\/estatutos-reglamentos\/\">Estatutos \/ Reglamentos<\/a><\/li>\n<li><a href=\"http:\/\/www.bizkeliza.org\/transparencia\/subvenciones-convenios\/\">Subvenciones \/ Convenios<\/a><\/li>\n<li><a href=\"http:\/\/www.bizkeliza.org\/transparencia\/balances-economicos\/\">Balances econ\u00f3micos<\/a><\/li>\n<li><a href=\"http:\/\/www.bizkeliza.org\/transparencia\/resumen-actividades-anuales\/\">Resumen Actividades anuales<\/a><\/li>\n<li><a href=\"http:\/\/www.bizkeliza.org\/transparencia\/percepcion-sobre-la-iglesia-en-bizkaia\/\">Percepci\u00f3n sobre la Iglesia en Bizkaia<\/a><\/li>\n<li><a href=\"http:\/\/www.bizkeliza.org\/transparencia\/sede-unica\/\">Sede \u00fanica<\/a><\/li>\n<\/ul>\n<\/div>\n<p><iframe title=\"Presentaci\u00f3n  &quot;Percepci\u00f3n sobre la Iglesia en Bizkaia&quot;\" width=\"960\" height=\"540\" src=\"https:\/\/www.youtube.com\/embed\/_Suu876bSfA?feature=oembed\" frameborder=\"0\" allow=\"accelerometer; autoplay; clipboard-write; encrypted-media; gyroscope; picture-in-picture\" allowfullscreen><\/iframe><\/p>\n<h1 class=\"\" style=\"text-align: center;\">Contacto<\/h1>\n<p style=\"text-align: center;\"><a href=\"http:\/\/www.bizkeliza.org\/contactar\/\">Contacta con el Portal de Transparencia<\/a><\/p>\n<p>&nbsp;<\/p>\n","protected":false},"excerpt":{"rendered":"<p>&#8220;Insto a los cristianos a tener la osad\u00eda de crear una cultura de mayor transparencia entre los gobiernos, el sector privado y la poblaci\u00f3n&#8221;. Papa Francisco ENTRA PORTAL DE TRANSPARENCIA DE LA DIOCESIS DE BILBAO &nbsp; EN LA DIOCESIS DE BILBAO Qui\u00e9nes somos Organigrama Estatutos \/ Reglamentos Subvenciones \/ Convenios Balances econ\u00f3micos Resumen Actividades anuales Percepci\u00f3n sobre la Iglesia en Bizkaia Sede \u00fanica Contacto Contacta con el Portal de Transparencia &nbsp;<\/p>\n","protected":false},"author":1,"featured_media":0,"parent":0,"menu_order":0,"comment_status":"closed","ping_status":"closed","template":"","meta":{"footnotes":""},"class_list":["post-243","page","type-page","status-publish","hentry"],"aioseo_notices":[],"acf":[],"_links":{"self":[{"href":"https:\/\/vicaria6.bizkeliza.net\/index.php?rest_route=\/wp\/v2\/pages\/243","targetHints":{"allow":["GET"]}}],"collection":[{"href":"https:\/\/vicaria6.bizkeliza.net\/index.php?rest_route=\/wp\/v2\/pages"}],"about":[{"href":"https:\/\/vicaria6.bizkeliza.net\/index.php?rest_route=\/wp\/v2\/types\/page"}],"author":[{"embeddable":true,"href":"https:\/\/vicaria6.bizkeliza.net\/index.php?rest_route=\/wp\/v2\/users\/1"}],"replies":[{"embeddable":true,"href":"https:\/\/vicaria6.bizkeliza.net\/index.php?rest_route=%2Fwp%2Fv2%2Fcomments&post=243"}],"version-history":[{"count":9,"href":"https:\/\/vicaria6.bizkeliza.net\/index.php?rest_route=\/wp\/v2\/pages\/243\/revisions"}],"predecessor-version":[{"id":2888,"href":"https:\/\/vicaria6.bizkeliza.net\/index.php?rest_route=\/wp\/v2\/pages\/243\/revisions\/2888"}],"wp:attachment":[{"href":"https:\/\/vicaria6.bizkeliza.net\/index.php?rest_route=%2Fwp%2Fv2%2Fmedia&parent=243"}],"curies":[{"name":"wp","href":"https:\/\/api.w.org\/{rel}","templated":true}]}}