{"id":255,"date":"2020-05-28T08:40:43","date_gmt":"2020-05-28T08:40:43","guid":{"rendered":"https:\/\/vicaria6.bizkeliza.net\/?page_id=255"},"modified":"2020-06-06T22:10:48","modified_gmt":"2020-06-06T22:10:48","slug":"guia-diocesana","status":"publish","type":"page","link":"https:\/\/vicaria6.bizkeliza.net\/?page_id=255","title":{"rendered":"GUIA DIOCESANA"},"content":{"rendered":"<h5 style=\"text-align: center;\"><em><span style=\"vertical-align: inherit;\"><span style=\"vertical-align: inherit;\"><span style=\"vertical-align: inherit;\"><span style=\"vertical-align: inherit;\"><span style=\"vertical-align: inherit;\"><span style=\"vertical-align: inherit;\">HAZ CLICK EN LO QUE BUSCAS<\/span><\/span><\/span><\/span><\/span><\/span><\/em><\/h5>\n<h6>Obispo Diocesano:<\/h6>\n<h5 class=\"text-right\">Mons. Mario Iceta Gabicagogeascoa<\/h5>\n<ul>\n<li><a href=\"http:\/\/www.bizkeliza.org\/obispo\/presentacion\/\">Presentaci\u00f3n<\/a><\/li>\n<\/ul>\n<h6>Obispo auxiliar :<\/h6>\n<div id=\"c13772\" class=\"frame default\">\n<h5 class=\"text-right\">Mons. Joseba Segura Etxezarraga<\/h5>\n<\/div>\n<div id=\"c13782\" class=\"frame default\">\n<ul>\n<li><a href=\"http:\/\/www.bizkeliza.org\/d-joseba-segura\/presentacion\/\">Presentaci\u00f3n<\/a><\/li>\n<\/ul>\n<\/div>\n<ul>\n<li id=\"j1_1\" class=\"jstree-node jstree-closed\" role=\"treeitem\" aria-selected=\"false\" aria-level=\"1\" aria-labelledby=\"j1_1_anchor\" aria-expanded=\"false\"><i class=\"jstree-icon jstree-ocl\"><\/i><a id=\"j1_1_anchor\" class=\"jstree-anchor\" tabindex=\"-1\" href=\"http:\/\/www.bizkeliza.org\/guiadiocesana\/vicarios\/\"><i class=\"jstree-icon jstree-themeicon\"><\/i><span style=\"vertical-align: inherit;\"><span style=\"vertical-align: inherit;\"><span style=\"vertical-align: inherit;\"><span style=\"vertical-align: inherit;\"><span style=\"vertical-align: inherit;\"><span style=\"vertical-align: inherit;\">Vicarios<\/span><\/span><\/span><\/span><\/span><\/span><\/a><\/li>\n<li id=\"j1_5\" class=\"jstree-node jstree-closed\" role=\"treeitem\" aria-selected=\"false\" aria-level=\"1\" aria-labelledby=\"j1_5_anchor\" aria-expanded=\"false\"><i class=\"jstree-icon jstree-ocl\"><\/i><a id=\"j1_5_anchor\" class=\"jstree-anchor\" tabindex=\"-1\" href=\"http:\/\/www.bizkeliza.org\/guiadiocesana\/parroquias\/\"><i class=\"jstree-icon jstree-themeicon\"><\/i><span style=\"vertical-align: inherit;\"><span style=\"vertical-align: inherit;\"><span style=\"vertical-align: inherit;\"><span style=\"vertical-align: inherit;\"><span style=\"vertical-align: inherit;\"><span style=\"vertical-align: inherit;\">Parroquias<\/span><\/span><\/span><\/span><\/span><\/span><\/a><\/li>\n<li id=\"j1_8\" class=\"jstree-node jstree-leaf\" role=\"treeitem\" aria-selected=\"false\" aria-level=\"1\" aria-labelledby=\"j1_8_anchor\"><i class=\"jstree-icon jstree-ocl\"><\/i><a id=\"j1_8_anchor\" class=\"jstree-anchor\" tabindex=\"-1\" href=\"http:\/\/www.bizkeliza.org\/guiadiocesana\/unidades-pastorales\/\"><i class=\"jstree-icon jstree-themeicon\"><\/i><span style=\"vertical-align: inherit;\"><span style=\"vertical-align: inherit;\"><span style=\"vertical-align: inherit;\"><span style=\"vertical-align: inherit;\"><span style=\"vertical-align: inherit;\"><span style=\"vertical-align: inherit;\">Unidades Pastorales<\/span><\/span><\/span><\/span><\/span><\/span><\/a><\/li>\n<li id=\"j1_9\" class=\"jstree-node jstree-closed\" role=\"treeitem\" aria-selected=\"false\" aria-level=\"1\" aria-labelledby=\"j1_9_anchor\" aria-expanded=\"false\"><i class=\"jstree-icon jstree-ocl\"><\/i><a id=\"j1_9_anchor\" class=\"jstree-anchor\" tabindex=\"-1\" href=\"http:\/\/www.bizkeliza.org\/guiadiocesana\/curia-diocesana\/\"><i class=\"jstree-icon jstree-themeicon\"><\/i><span style=\"vertical-align: inherit;\"><span style=\"vertical-align: inherit;\"><span style=\"vertical-align: inherit;\"><span style=\"vertical-align: inherit;\"><span style=\"vertical-align: inherit;\"><span style=\"vertical-align: inherit;\">Curia diocesana<\/span><\/span><\/span><\/span><\/span><\/span><\/a><\/li>\n<li id=\"j1_20\" class=\"jstree-node jstree-closed\" role=\"treeitem\" aria-selected=\"false\" aria-level=\"1\" aria-labelledby=\"j1_20_anchor\" aria-expanded=\"false\"><i class=\"jstree-icon jstree-ocl\"><\/i><a id=\"j1_20_anchor\" class=\"jstree-anchor\" tabindex=\"-1\" href=\"http:\/\/www.bizkeliza.org\/guiadiocesana\/consejos-diocesanos\/\"><i class=\"jstree-icon jstree-themeicon\"><\/i><span style=\"vertical-align: inherit;\"><span style=\"vertical-align: inherit;\"><span style=\"vertical-align: inherit;\"><span style=\"vertical-align: inherit;\"><span style=\"vertical-align: inherit;\"><span style=\"vertical-align: inherit;\">Consejos Diocesanos<\/span><\/span><\/span><\/span><\/span><\/span><\/a><\/li>\n<li id=\"j1_28\" class=\"jstree-node jstree-closed\" role=\"treeitem\" aria-selected=\"false\" aria-level=\"1\" aria-labelledby=\"j1_28_anchor\" aria-expanded=\"false\"><i class=\"jstree-icon jstree-ocl\"><\/i><a id=\"j1_28_anchor\" class=\"jstree-anchor\" tabindex=\"-1\" href=\"http:\/\/www.bizkeliza.org\/guiadiocesana\/escuela-catolica\/\"><i class=\"jstree-icon jstree-themeicon\"><\/i><span style=\"vertical-align: inherit;\"><span style=\"vertical-align: inherit;\"><span style=\"vertical-align: inherit;\"><span style=\"vertical-align: inherit;\"><span style=\"vertical-align: inherit;\"><span style=\"vertical-align: inherit;\">Escuela cat\u00f3lica<\/span><\/span><\/span><\/span><\/span><\/span><\/a><\/li>\n<li id=\"j1_32\" class=\"jstree-node jstree-closed\" role=\"treeitem\" aria-selected=\"false\" aria-level=\"1\" aria-labelledby=\"j1_32_anchor\" aria-expanded=\"false\"><i class=\"jstree-icon jstree-ocl\"><\/i><a id=\"j1_32_anchor\" class=\"jstree-anchor\" tabindex=\"-1\" href=\"http:\/\/www.bizkeliza.org\/guiadiocesana\/vida-consagrada\/\"><i class=\"jstree-icon jstree-themeicon\"><\/i><span style=\"vertical-align: inherit;\"><span style=\"vertical-align: inherit;\"><span style=\"vertical-align: inherit;\"><span style=\"vertical-align: inherit;\"><span style=\"vertical-align: inherit;\"><span style=\"vertical-align: inherit;\">Vida consagrada<\/span><\/span><\/span><\/span><\/span><\/span><\/a><\/li>\n<li id=\"j1_38\" class=\"jstree-node jstree-closed\" role=\"treeitem\" aria-selected=\"false\" aria-level=\"1\" aria-labelledby=\"j1_38_anchor\" aria-expanded=\"false\"><i class=\"jstree-icon jstree-ocl\"><\/i><a id=\"j1_38_anchor\" class=\"jstree-anchor\" tabindex=\"-1\" href=\"http:\/\/www.bizkeliza.org\/guiadiocesana\/instituciones-diocesanas\/\"><i class=\"jstree-icon jstree-themeicon\"><\/i><span style=\"vertical-align: inherit;\"><span style=\"vertical-align: inherit;\"><span style=\"vertical-align: inherit;\"><span style=\"vertical-align: inherit;\"><span style=\"vertical-align: inherit;\"><span style=\"vertical-align: inherit;\">Instituciones Diocesanas<\/span><\/span><\/span><\/span><\/span><\/span><\/a><\/li>\n<li id=\"j1_43\" class=\"jstree-node jstree-leaf\" role=\"treeitem\" aria-selected=\"false\" aria-level=\"1\" aria-labelledby=\"j1_43_anchor\"><i class=\"jstree-icon jstree-ocl\"><\/i><a id=\"j1_43_anchor\" class=\"jstree-anchor jstree-hovered\" tabindex=\"-1\" href=\"http:\/\/www.bizkeliza.org\/guiadiocesana\/movimientos-y-asociaciones-apostolicas\/\"><i class=\"jstree-icon jstree-themeicon\"><\/i><span style=\"vertical-align: inherit;\"><span style=\"vertical-align: inherit;\"><span style=\"vertical-align: inherit;\"><span style=\"vertical-align: inherit;\"><span style=\"vertical-align: inherit;\"><span style=\"vertical-align: inherit;\">Movimientos y asociaciones apost\u00f3licas<\/span><\/span><\/span><\/span><\/span><\/span><\/a><\/li>\n<li id=\"j1_44\" class=\"jstree-node jstree-closed jstree-last\" role=\"treeitem\" aria-selected=\"false\" aria-level=\"1\" aria-labelledby=\"j1_44_anchor\" aria-expanded=\"false\"><i class=\"jstree-icon jstree-ocl\"><\/i><a id=\"j1_44_anchor\" class=\"jstree-anchor\" tabindex=\"-1\" href=\"http:\/\/www.bizkeliza.org\/guiadiocesana\/casas-de-espiritualidad-y-hogares-sacerdotales\/\"><i class=\"jstree-icon jstree-themeicon\"><\/i><span style=\"vertical-align: inherit;\"><span style=\"vertical-align: inherit;\"><span style=\"vertical-align: inherit;\"><span style=\"vertical-align: inherit;\"><span style=\"vertical-align: inherit;\"><span style=\"vertical-align: inherit;\">Casas de espiritualidad y hogares sacerdotales<\/span><\/span><\/span><\/span><\/span><\/span><\/a><\/li>\n<\/ul>\n<p>&nbsp;<\/p>\n<p>&nbsp;<\/p>\n<p><iframe title=\"Canal Dio\u0301cesis Bilbao _ Bilboko Elizbarrutia trailer\" width=\"960\" height=\"540\" src=\"https:\/\/www.youtube.com\/embed\/gP5OBL0uvCY?feature=oembed\" frameborder=\"0\" allow=\"accelerometer; autoplay; encrypted-media; gyroscope; picture-in-picture\" allowfullscreen><\/iframe><\/p>\n<p>&nbsp;<\/p>\n<p>&nbsp;<\/p>\n","protected":false},"excerpt":{"rendered":"<p>HAZ CLICK EN LO QUE BUSCAS Obispo Diocesano: Mons. Mario Iceta Gabicagogeascoa Presentaci\u00f3n Obispo auxiliar : Mons. Joseba Segura Etxezarraga Presentaci\u00f3n Vicarios Parroquias Unidades Pastorales Curia diocesana Consejos Diocesanos Escuela cat\u00f3lica Vida consagrada Instituciones Diocesanas Movimientos y asociaciones apost\u00f3licas Casas de espiritualidad y hogares sacerdotales &nbsp; &nbsp; &nbsp; &nbsp;<\/p>\n","protected":false},"author":1,"featured_media":0,"parent":0,"menu_order":0,"comment_status":"closed","ping_status":"closed","template":"","meta":{"footnotes":""},"class_list":["post-255","page","type-page","status-publish","hentry"],"aioseo_notices":[],"acf":[],"_links":{"self":[{"href":"https:\/\/vicaria6.bizkeliza.net\/index.php?rest_route=\/wp\/v2\/pages\/255","targetHints":{"allow":["GET"]}}],"collection":[{"href":"https:\/\/vicaria6.bizkeliza.net\/index.php?rest_route=\/wp\/v2\/pages"}],"about":[{"href":"https:\/\/vicaria6.bizkeliza.net\/index.php?rest_route=\/wp\/v2\/types\/page"}],"author":[{"embeddable":true,"href":"https:\/\/vicaria6.bizkeliza.net\/index.php?rest_route=\/wp\/v2\/users\/1"}],"replies":[{"embeddable":true,"href":"https:\/\/vicaria6.bizkeliza.net\/index.php?rest_route=%2Fwp%2Fv2%2Fcomments&post=255"}],"version-history":[{"count":8,"href":"https:\/\/vicaria6.bizkeliza.net\/index.php?rest_route=\/wp\/v2\/pages\/255\/revisions"}],"predecessor-version":[{"id":1037,"href":"https:\/\/vicaria6.bizkeliza.net\/index.php?rest_route=\/wp\/v2\/pages\/255\/revisions\/1037"}],"wp:attachment":[{"href":"https:\/\/vicaria6.bizkeliza.net\/index.php?rest_route=%2Fwp%2Fv2%2Fmedia&parent=255"}],"curies":[{"name":"wp","href":"https:\/\/api.w.org\/{rel}","templated":true}]}}