{"id":309,"date":"2020-05-28T10:11:34","date_gmt":"2020-05-28T10:11:34","guid":{"rendered":"https:\/\/vicaria6.bizkeliza.net\/?page_id=309"},"modified":"2022-09-30T09:31:36","modified_gmt":"2022-09-30T09:31:36","slug":"parroquias-2","status":"publish","type":"page","link":"https:\/\/vicaria6.bizkeliza.net\/?page_id=309","title":{"rendered":"UNIDAD PASTORAL TXORIERRI"},"content":{"rendered":"<h2><img decoding=\"async\" class=\"alignleft\" src=\"https:\/\/prueba.elizatxorierrin.org\/wp-content\/uploads\/2020\/03\/logo5.png\" width=\"296\" height=\"146\" \/><span style=\"font-size: 16px; font-weight: 400;\">La Unidad Pastoral TXORIERRI queda constituida por la uni\u00f3n estable de las parroquias de San Emeterio y San Celedonio de Goikoelexea (Larrabetzu), La Asunci\u00f3n de Nuestra Se\u00f1ora de Larrabetzu, Santa Mar\u00eda de Lezama, San Mart\u00edn Obispo de Zamudio, San Isidro y San Crist\u00f3bal de Derio, San Pedro Ap\u00f3stol de Loiu, San Juan Bautista de Sondika, La Asunci\u00f3n de Nuestra Se\u00f1ora de Erandio.<\/span><\/h2>\n<table class=\"table aligncenter\" style=\"height: 154px;\" width=\"350\">\n<tbody>\n<tr>\n<td>\n<p style=\"text-align: center;\"><strong>Direcci\u00f3n<\/strong>:<br \/>\nLa\u00f1omendi, 2<br \/>\n48160 &#8211; DERIO<\/p>\n<p style=\"text-align: center;\">email:\u00a0<a href=\"mailto:up.txoriherri@bizkeliza.org\">up.txoriherri@bizkeliza.org<\/a><\/p>\n<\/td>\n<\/tr>\n<\/tbody>\n<\/table>\n<h2 style=\"text-align: center;\">La Unidad Pastoral del Txorierri tiene su propia pagina web.<\/h2>\n<p>Pincha en este enlace y puedes acceder a toda la informaci\u00f3n : <a href=\"https:\/\/elizatxorierrin.org\/\">AQUI<\/a><\/p>\n<p>&nbsp;<\/p>\n","protected":false},"excerpt":{"rendered":"<p>La Unidad Pastoral TXORIERRI queda constituida por la uni\u00f3n estable de las parroquias de San Emeterio y San Celedonio de Goikoelexea (Larrabetzu), La Asunci\u00f3n de Nuestra Se\u00f1ora de Larrabetzu, Santa Mar\u00eda de Lezama, San Mart\u00edn Obispo de Zamudio, San Isidro y San Crist\u00f3bal de Derio, San Pedro Ap\u00f3stol de Loiu, San Juan Bautista de Sondika, La Asunci\u00f3n de Nuestra Se\u00f1ora de Erandio. Direcci\u00f3n: La\u00f1omendi, 2 48160 &#8211; DERIO email:\u00a0up.txoriherri@bizkeliza.org La Unidad Pastoral del Txorierri tiene su propia pagina web. Pincha en este enlace y puedes acceder a toda la informaci\u00f3n : AQUI &nbsp;<\/p>\n","protected":false},"author":1,"featured_media":0,"parent":0,"menu_order":0,"comment_status":"closed","ping_status":"closed","template":"","meta":{"footnotes":""},"class_list":["post-309","page","type-page","status-publish","hentry"],"aioseo_notices":[],"acf":[],"_links":{"self":[{"href":"https:\/\/vicaria6.bizkeliza.net\/index.php?rest_route=\/wp\/v2\/pages\/309","targetHints":{"allow":["GET"]}}],"collection":[{"href":"https:\/\/vicaria6.bizkeliza.net\/index.php?rest_route=\/wp\/v2\/pages"}],"about":[{"href":"https:\/\/vicaria6.bizkeliza.net\/index.php?rest_route=\/wp\/v2\/types\/page"}],"author":[{"embeddable":true,"href":"https:\/\/vicaria6.bizkeliza.net\/index.php?rest_route=\/wp\/v2\/users\/1"}],"replies":[{"embeddable":true,"href":"https:\/\/vicaria6.bizkeliza.net\/index.php?rest_route=%2Fwp%2Fv2%2Fcomments&post=309"}],"version-history":[{"count":8,"href":"https:\/\/vicaria6.bizkeliza.net\/index.php?rest_route=\/wp\/v2\/pages\/309\/revisions"}],"predecessor-version":[{"id":5781,"href":"https:\/\/vicaria6.bizkeliza.net\/index.php?rest_route=\/wp\/v2\/pages\/309\/revisions\/5781"}],"wp:attachment":[{"href":"https:\/\/vicaria6.bizkeliza.net\/index.php?rest_route=%2Fwp%2Fv2%2Fmedia&parent=309"}],"curies":[{"name":"wp","href":"https:\/\/api.w.org\/{rel}","templated":true}]}}