{"id":390,"date":"2020-05-28T11:07:16","date_gmt":"2020-05-28T11:07:16","guid":{"rendered":"https:\/\/vicaria6.bizkeliza.net\/?page_id=390"},"modified":"2020-06-10T17:09:08","modified_gmt":"2020-06-10T17:09:08","slug":"grupos-eskaut","status":"publish","type":"page","link":"https:\/\/vicaria6.bizkeliza.net\/?page_id=390","title":{"rendered":"Grupos Eskaut"},"content":{"rendered":"<h2 style=\"text-align: center;\"><span style=\"color: #008000;\">EL ESCULTISMO<\/span><\/h2>\n<p><span style=\"color: #008000;\"><strong>El escultismo<\/strong><\/span> es un movimiento cuyo fin es transformar el mundo a trav\u00e9s de la educaci\u00f3n en el tiempo libre, contribuyendo a la formaci\u00f3n integral de personas libre, cr\u00edticas y comprometidas con la construcci\u00f3n de una sociedad m\u00e1s justa y solidaria. Este es un movimiento apartidista y sin \u00e1nimo de lucro, formado por personas voluntarias.<\/p>\n<p>El proyecto educativo eskaut est\u00e1 dirigido a personas entre los 8 y los 19 a\u00f1os, las personas adultas del ma\u00f1ana, que est\u00e1n llamadas a protagonizar un futuro mejor a partir de un presente diferente.<\/p>\n<p>&nbsp;<\/p>\n<p><iframe title=\"Eskautak gara!\" src=\"https:\/\/player.vimeo.com\/video\/301151811?dnt=1&amp;app_id=122963\" width=\"960\" height=\"540\" frameborder=\"0\" allow=\"autoplay; fullscreen\" allowfullscreen><\/iframe><\/p>\n<article class=\"group post-101236 page type-page status-publish has-post-thumbnail hentry\">\n<h4><span style=\"color: #008000;\">\u00bfQUIERES SABER MAS?<\/span><\/h4>\n<p><a href=\"https:\/\/bizkaia.eskaut.org\/omms\/msc\/ee\/eeb\/\">https:\/\/bizkaia.eskaut.org\/omms\/msc\/ee\/eeb\/<\/a><\/p>\n<p>&nbsp;<\/p>\n<h4 class=\"entry themeform\"><span style=\"color: #008000;\"><strong>Una educaci\u00f3n integral<\/strong><\/span><\/h4>\n<p><span style=\"color: #808080;\">La apuesta del escultismo por un desarrollo integral de las personas que abarque las capacidades f\u00edsicas, intelectuales, sociales y espirituales, se articula en sus tres opciones educativas.<\/span><\/p>\n<ul>\n<li><span style=\"color: #808080;\"><strong><em>Opci\u00f3n Educaci\u00f3n<\/em>:<\/strong> El \u00e1mbito de la relaci\u00f3n de la persona consigo misma, que abarca entre otras cosas el desarrollo y la autonom\u00eda personales, la educaci\u00f3n de las emociones y el protagonismo del propio proceso de maduraci\u00f3n.<\/span><\/li>\n<\/ul>\n<p>&nbsp;<\/p>\n<ul>\n<li><span style=\"color: #808080;\"><strong><em>Opci\u00f3n Sociedad<\/em>:<\/strong> El \u00e1mbito de la relaci\u00f3n de la persona con las dem\u00e1s personas y con el entorno, que comprende una conciencia sensible y cr\u00edtica que sepa valorar los hechos que ocurren a su alrededor, as\u00ed como una visi\u00f3n global y la capacidad de actuar localmente con un esp\u00edritu cr\u00edtico, comprometido y responsable.<\/span><\/li>\n<\/ul>\n<p>&nbsp;<\/p>\n<ul>\n<li><span style=\"color: #808080;\"><strong><em>Opci\u00f3n Creyente<\/em>:<\/strong> El \u00e1mbito de la persona con los transcendental, alentado por la apertura y la b\u00fasqueda de la propia espiritualidad, desde el ejemplo de Jes\u00fas de Nazaret y su mensaje.<\/span><\/li>\n<\/ul>\n<p>&nbsp;<\/p>\n<p><iframe title=\"No te quedes sin sitio en Eskautak Mundura : Holanda 2019\" src=\"https:\/\/player.vimeo.com\/video\/320257263?dnt=1&amp;app_id=122963\" width=\"960\" height=\"540\" frameborder=\"0\" allow=\"autoplay; fullscreen\" allowfullscreen><\/iframe><\/p>\n<div class=\"entry themeform\">\n<p><img decoding=\"async\" src=\"https:\/\/bizkaia.eskaut.org\/wp-content\/uploads\/sites\/12\/2017\/04\/logo-EEB-01.svg\" \/><\/p>\n<\/div>\n<\/article>\n","protected":false},"excerpt":{"rendered":"<p>EL ESCULTISMO El escultismo es un movimiento cuyo fin es transformar el mundo a trav\u00e9s de la educaci\u00f3n en el tiempo libre, contribuyendo a la formaci\u00f3n integral de personas libre, cr\u00edticas y comprometidas con la construcci\u00f3n de una sociedad m\u00e1s justa y solidaria. Este es un movimiento apartidista y sin \u00e1nimo de lucro, formado por personas voluntarias. El proyecto educativo eskaut est\u00e1 dirigido a personas entre los 8 y los 19 a\u00f1os, las personas adultas del ma\u00f1ana, que est\u00e1n llamadas a protagonizar un futuro mejor a partir de un presente diferente. &nbsp; \u00bfQUIERES SABER MAS? https:\/\/bizkaia.eskaut.org\/omms\/msc\/ee\/eeb\/ &nbsp; Una educaci\u00f3n integral La apuesta del escultismo por un desarrollo integral de las personas que abarque las capacidades f\u00edsicas, intelectuales, sociales y espirituales, se articula en sus tres opciones educativas. Opci\u00f3n Educaci\u00f3n: El \u00e1mbito de la relaci\u00f3n de la persona consigo misma, que abarca entre otras cosas el desarrollo y la autonom\u00eda personales, la educaci\u00f3n de las emociones y el protagonismo del propio proceso de maduraci\u00f3n. &nbsp; Opci\u00f3n Sociedad: El \u00e1mbito de la relaci\u00f3n de la persona con las dem\u00e1s personas y con el entorno, que comprende una conciencia sensible y cr\u00edtica que sepa valorar los hechos que ocurren a su alrededor, as\u00ed como una visi\u00f3n global y la capacidad de actuar localmente con un esp\u00edritu cr\u00edtico, comprometido y responsable. &nbsp; Opci\u00f3n Creyente: El \u00e1mbito de la persona con los transcendental, alentado por la apertura y la b\u00fasqueda de la propia espiritualidad, desde el ejemplo de Jes\u00fas de Nazaret y su mensaje. &nbsp;<\/p>\n","protected":false},"author":1,"featured_media":0,"parent":0,"menu_order":0,"comment_status":"closed","ping_status":"closed","template":"","meta":{"footnotes":""},"class_list":["post-390","page","type-page","status-publish","hentry"],"aioseo_notices":[],"acf":[],"_links":{"self":[{"href":"https:\/\/vicaria6.bizkeliza.net\/index.php?rest_route=\/wp\/v2\/pages\/390","targetHints":{"allow":["GET"]}}],"collection":[{"href":"https:\/\/vicaria6.bizkeliza.net\/index.php?rest_route=\/wp\/v2\/pages"}],"about":[{"href":"https:\/\/vicaria6.bizkeliza.net\/index.php?rest_route=\/wp\/v2\/types\/page"}],"author":[{"embeddable":true,"href":"https:\/\/vicaria6.bizkeliza.net\/index.php?rest_route=\/wp\/v2\/users\/1"}],"replies":[{"embeddable":true,"href":"https:\/\/vicaria6.bizkeliza.net\/index.php?rest_route=%2Fwp%2Fv2%2Fcomments&post=390"}],"version-history":[{"count":4,"href":"https:\/\/vicaria6.bizkeliza.net\/index.php?rest_route=\/wp\/v2\/pages\/390\/revisions"}],"predecessor-version":[{"id":1226,"href":"https:\/\/vicaria6.bizkeliza.net\/index.php?rest_route=\/wp\/v2\/pages\/390\/revisions\/1226"}],"wp:attachment":[{"href":"https:\/\/vicaria6.bizkeliza.net\/index.php?rest_route=%2Fwp%2Fv2%2Fmedia&parent=390"}],"curies":[{"name":"wp","href":"https:\/\/api.w.org\/{rel}","templated":true}]}}