{"id":423,"date":"2020-05-28T11:23:03","date_gmt":"2020-05-28T11:23:03","guid":{"rendered":"https:\/\/vicaria6.bizkeliza.net\/?page_id=423"},"modified":"2020-06-09T15:19:09","modified_gmt":"2020-06-09T15:19:09","slug":"grupos-de-jesus-2","status":"publish","type":"page","link":"https:\/\/vicaria6.bizkeliza.net\/?page_id=423","title":{"rendered":"Grupos de Jes\u00fas"},"content":{"rendered":"<p><iframe title=\"Jos\u00e9 Antonio Pagola nos habla sobre los Grupos de Jes\u00fas\" width=\"960\" height=\"540\" src=\"https:\/\/www.youtube.com\/embed\/7yKI4E1Cj5k?feature=oembed\" frameborder=\"0\" allow=\"accelerometer; autoplay; encrypted-media; gyroscope; picture-in-picture\" allowfullscreen><\/iframe><\/p>\n<div class=\"gdl-page-float-left\">\n<div class=\"gdl-page-item\">\n<div class=\"sixteen columns mt30\">\n<div class=\"gdl-page-content\">\n<h2><strong>Los Grupos de Jes\u00fas<\/strong><\/h2>\n<p class=\"x_MsoPlainText\">Los Grupos de Jes\u00fas son personas y colectivos que quieren\u00a0<strong>vivir juntos un proceso de conversi\u00f3n individual y grupal a Jes\u00fas<\/strong>, ahondando de manera sencilla en lo esencial del Evangelio de Jesucristo.<br \/>\nEstos grupos, convocados y alentados por Jes\u00fas, viven una experiencia renovadora en un clima de amistad fraterna durante\u00a0<strong>un periodo de tres a cuatro a\u00f1os<\/strong>.<br \/>\nCon ello,\u00a0no pretenden sustituir otros\u00a0procesos catequ\u00e9ticos, catecumenados o realidades semejantes, que tienen sus propios objetivos y m\u00e9todos, sino m\u00e1s bien\u00a0<strong>contribuir a construir una Iglesia m\u00e1s fiel a Jes\u00fas<\/strong>, as\u00ed como ponerse al servicio del proyecto humanizador del Padre.<\/p>\n<p>La propuesta de los Grupos de Jes\u00fas\u00a0<strong>se puso en marcha en 2014<\/strong>\u00a0con la publicaci\u00f3n en PPC del libro\u00a0<em>Grupos de Jes\u00fas<\/em>\u00a0y la apertura de la\u00a0<em>web<\/em>\u00a0del mismo nombre. El libro est\u00e1 ya disponible en espa\u00f1ol, vasco, italiano, portugu\u00e9s y brasile\u00f1o.<br \/>\nEl n\u00famero de grupos en marcha est\u00e1 en torno a los dos mil en Espa\u00f1a y Am\u00e9rica Latina. A ellos se unen los que se est\u00e1n comenzando a formar en Portugal, Italia y Brasil. Tambi\u00e9n hay grupos de habla hispana en Estados Unidos.<br \/>\nAdem\u00e1s, desde la web se hacen tres convocatorias anuales para formar Grupos Virtuales de Jes\u00fas de las que han surgido ya diecisiete grupos.<\/p>\n<p>En el origen de esta propuesta de los Grupos de Jes\u00fas hay\u00a0<strong>una convicci\u00f3n pastoral<\/strong>\u00a0sostenida por la fe en Cristo resucitado, vivo y operante en su Iglesia. Es la siguiente:<\/p>\n<p>En estos tiempos en los que se est\u00e1 produciendo un cambio sociocultural sin precedentes, la Iglesia necesita una conversi\u00f3n tambi\u00e9n sin precedentes para engendrar de manera renovada la fe en Jesucristo.<br \/>\nEsta conversi\u00f3n radical de la Iglesia a Jesucristo depender\u00e1 en buena parte del desarrollo de peque\u00f1os grupos y comunidades que se decidan a reactualizar hoy la \u201cexperiencia fundante\u201d que vivi\u00f3 junto a Jes\u00fas aquel primer grupo de seguidores -hombres y mujeres- que escuch\u00f3 su llamada en Galilea.<\/p>\n<p class=\"x_MsoPlainText\">La\u00a0<strong>web Grupos de Jes\u00fas<\/strong>\u00a0tiene como prop\u00f3sitos fundamentales:<\/p>\n<ul>\n<li class=\"x_MsoPlainText\">Dar a conocer el proceso de Grupos de Jes\u00fas.<\/li>\n<li class=\"x_MsoPlainText\">Ayudar a la creaci\u00f3n de nuevos Grupos de Jes\u00fas (presenciales y virtuales).<\/li>\n<li class=\"x_MsoPlainText\">Ser punto de encuentro de todas aquellas personas interesadas en vivir este proceso de Grupos de Jes\u00fas juntos, en red, desde la din\u00e1mica de \u201cIglesia en salida\u201d que promueve el papa Francisco.<\/li>\n<\/ul>\n<\/div>\n<\/div>\n<\/div>\n<\/div>\n<h4 id=\"wpgmza_table_1_filter\" class=\"dataTables_filter\"><span style=\"color: #3366ff;\">MAS INFORMACI\u00d3N SOBRE LOS GRUPOS DE JES\u00daS<\/span><\/h4>\n<div>\n<blockquote class=\"wp-embedded-content\" data-secret=\"H6HlYZKixi\"><p><a href=\"https:\/\/www.gruposdejesus.com\/home\/quienes-somos\/\">QUI\u00c9NES SOMOS<\/a><\/p><\/blockquote>\n<p><iframe title=\"\u00abQUI\u00c9NES SOMOS\u00bb \u2014 Grupos de Jes\u00fas -\" class=\"wp-embedded-content\" sandbox=\"allow-scripts\" security=\"restricted\" style=\"position: absolute; clip: rect(1px, 1px, 1px, 1px);\" src=\"https:\/\/www.gruposdejesus.com\/home\/quienes-somos\/embed\/#?secret=H6HlYZKixi\" data-secret=\"H6HlYZKixi\" width=\"600\" height=\"338\" frameborder=\"0\" marginwidth=\"0\" marginheight=\"0\" scrolling=\"no\"><\/iframe><\/p>\n<\/div>\n<h3><\/h3>\n<h3><span style=\"color: #ff6600;\">GRUPOS DE JESUS EN NUESTRA VICARIA.\u00a0<\/span><\/h3>\n<p><em>Si quieres m\u00e1s informaci\u00f3n escr\u00edbenos a anunciovicariasexta@gmail.com<\/em><\/p>\n<p>&nbsp;<\/p>\n<div><\/div>\n<table id=\"wpgmza_table_1\" class=\"wpgmza_table responsive no-footer dtr-inline dataTable\" role=\"grid\" cellspacing=\"0\" cellpadding=\"0\" aria-describedby=\"wpgmza_table_1_info\">\n<thead>\n<tr role=\"row\">\n<th class=\"wpgmza_table_marker sorting\" tabindex=\"0\" colspan=\"1\" rowspan=\"1\" aria-controls=\"wpgmza_table_1\" aria-label=\": activate to sort column ascending\"><\/th>\n<th class=\"wpgmza_table_title sorting\" tabindex=\"0\" colspan=\"1\" rowspan=\"1\" aria-controls=\"wpgmza_table_1\" aria-label=\"T\u00edtulo: activate to sort column ascending\"><span style=\"color: #ff6600;\"><strong>T\u00edtulo<\/strong><\/span><\/th>\n<th class=\"wpgmza_table_address sorting\" tabindex=\"0\" colspan=\"1\" rowspan=\"1\" aria-controls=\"wpgmza_table_1\" aria-label=\"Direcci\u00f3n: activate to sort column ascending\"><span style=\"color: #ff6600;\"><strong>Direcci\u00f3n<\/strong><\/span><\/th>\n<th class=\"wpgmza_table_description sorting\" tabindex=\"0\" colspan=\"1\" rowspan=\"1\" aria-controls=\"wpgmza_table_1\" aria-label=\"Descripci\u00f3n: activate to sort column ascending\"><span style=\"color: #ff6600;\"><strong>Descripci\u00f3n<\/strong><\/span><\/th>\n<\/tr>\n<\/thead>\n<tbody>\n<tr id=\"wpgmza_marker_1572\" class=\"wpgmaps_mlist_row odd\" role=\"row\">\n<td class=\"wpgmza_table_marker\" height=\"40\"><span style=\"color: #ff6600;\"><img decoding=\"async\" class=\"wpgmza_marker_icon \" src=\"http:\/\/www.gruposdejesus.com\/wp-content\/uploads\/2015\/01\/32x32_group_location.png\" \/><\/span><\/td>\n<td class=\"wpgmza_table_title\"><span style=\"color: #ff6600;\">Grupo &#8220;Parroquia Sant\u00edsima Trinidad&#8221; &#8211; Algorta<\/span><\/td>\n<td class=\"wpgmza_table_address\"><span style=\"color: #ff6600;\">Algorta, Guecho, Vizcaya, Espa\u00f1a<\/span><\/td>\n<td class=\"wpgmza_table_description\"><span style=\"color: #ff6600;\">Coordinan: Josu y Concha<\/span><\/td>\n<\/tr>\n<tr id=\"wpgmza_marker_749\" class=\"wpgmaps_mlist_row even\" role=\"row\">\n<td class=\"wpgmza_table_marker\" height=\"40\"><span style=\"color: #ff6600;\"><img decoding=\"async\" class=\"wpgmza_marker_icon \" src=\"http:\/\/www.gruposdejesus.com\/wp-content\/uploads\/2015\/01\/32x32_group_location.png\" \/><\/span><\/td>\n<td class=\"wpgmza_table_title\"><span style=\"color: #ff6600;\">Grupos &#8211; Parroquia Corpus Christi<\/span><\/td>\n<td class=\"wpgmza_table_address\"><span style=\"color: #ff6600;\">Bilbao, Vizcaya, Espa\u00f1a<\/span><\/td>\n<td class=\"wpgmza_table_description\"><span style=\"color: #ff6600;\">Coordina: Javier<\/span><\/td>\n<\/tr>\n<tr id=\"wpgmza_marker_1541\" class=\"wpgmaps_mlist_row odd\" role=\"row\">\n<td class=\"wpgmza_table_marker\" height=\"40\"><span style=\"color: #ff6600;\"><img decoding=\"async\" class=\"wpgmza_marker_icon \" src=\"http:\/\/www.gruposdejesus.com\/wp-content\/uploads\/2015\/01\/32x32_group_location.png\" \/><\/span><\/td>\n<td class=\"wpgmza_table_title\"><span style=\"color: #ff6600;\">Grupos Parroquia San Pedro &#8211; Sopelana<\/span><\/td>\n<td class=\"wpgmza_table_address\"><span style=\"color: #ff6600;\">Sopelana, Vizcaya, Espa\u00f1a<\/span><\/td>\n<td class=\"wpgmza_table_description\"><span style=\"color: #ff6600;\">Coordina: Marcos<\/span><\/td>\n<\/tr>\n<\/tbody>\n<\/table>\n<p>&nbsp;<\/p>\n<p>&nbsp;<\/p>\n<p>&nbsp;<\/p>\n<p>&nbsp;<\/p>\n<p>&nbsp;<\/p>\n","protected":false},"excerpt":{"rendered":"<p>Los Grupos de Jes\u00fas Los Grupos de Jes\u00fas son personas y colectivos que quieren\u00a0vivir juntos un proceso de conversi\u00f3n individual y grupal a Jes\u00fas, ahondando de manera sencilla en lo esencial del Evangelio de Jesucristo. Estos grupos, convocados y alentados por Jes\u00fas, viven una experiencia renovadora en un clima de amistad fraterna durante\u00a0un periodo de tres a cuatro a\u00f1os. Con ello,\u00a0no pretenden sustituir otros\u00a0procesos catequ\u00e9ticos, catecumenados o realidades semejantes, que tienen sus propios objetivos y m\u00e9todos, sino m\u00e1s bien\u00a0contribuir a construir una Iglesia m\u00e1s fiel a Jes\u00fas, as\u00ed como ponerse al servicio del proyecto humanizador del Padre. La propuesta de los Grupos de Jes\u00fas\u00a0se puso en marcha en 2014\u00a0con la publicaci\u00f3n en PPC del libro\u00a0Grupos de Jes\u00fas\u00a0y la apertura de la\u00a0web\u00a0del mismo nombre. El libro est\u00e1 ya disponible en espa\u00f1ol, vasco, italiano, portugu\u00e9s y brasile\u00f1o. El n\u00famero de grupos en marcha est\u00e1 en torno a los dos mil en Espa\u00f1a y Am\u00e9rica Latina. A ellos se unen los que se est\u00e1n comenzando a formar en Portugal, Italia y Brasil. Tambi\u00e9n hay grupos de habla hispana en Estados Unidos. Adem\u00e1s, desde la web se hacen tres convocatorias anuales para formar Grupos Virtuales de Jes\u00fas de las que han surgido ya diecisiete grupos. En el origen de esta propuesta de los Grupos de Jes\u00fas hay\u00a0una convicci\u00f3n pastoral\u00a0sostenida por la fe en Cristo resucitado, vivo y operante en su Iglesia. Es la siguiente: En estos tiempos en los que se est\u00e1 produciendo un cambio sociocultural sin precedentes, la Iglesia necesita una conversi\u00f3n tambi\u00e9n sin precedentes para engendrar de manera renovada la fe en Jesucristo. Esta conversi\u00f3n radical de la Iglesia a Jesucristo depender\u00e1 en buena parte del desarrollo de peque\u00f1os grupos y comunidades que se decidan a reactualizar hoy la \u201cexperiencia fundante\u201d que vivi\u00f3 junto a Jes\u00fas aquel primer grupo de seguidores -hombres y mujeres- que escuch\u00f3 su llamada en Galilea. La\u00a0web Grupos de Jes\u00fas\u00a0tiene como prop\u00f3sitos fundamentales: Dar a conocer el proceso de Grupos de Jes\u00fas. Ayudar a la creaci\u00f3n de nuevos Grupos de Jes\u00fas (presenciales y virtuales). Ser punto de encuentro de todas aquellas personas interesadas en vivir este proceso de Grupos de Jes\u00fas juntos, en red, desde la din\u00e1mica de \u201cIglesia en salida\u201d que promueve el papa Francisco. MAS INFORMACI\u00d3N SOBRE LOS GRUPOS DE JES\u00daS GRUPOS DE JESUS EN NUESTRA VICARIA.\u00a0 Si quieres m\u00e1s informaci\u00f3n escr\u00edbenos a anunciovicariasexta@gmail.com &nbsp; T\u00edtulo Direcci\u00f3n Descripci\u00f3n Grupo &#8220;Parroquia Sant\u00edsima Trinidad&#8221; &#8211; Algorta Algorta, Guecho, Vizcaya, Espa\u00f1a Coordinan: Josu y Concha Grupos &#8211; Parroquia Corpus Christi Bilbao, Vizcaya, Espa\u00f1a Coordina: Javier Grupos Parroquia San Pedro &#8211; Sopelana Sopelana, Vizcaya, Espa\u00f1a Coordina: Marcos &nbsp; &nbsp; &nbsp; &nbsp; &nbsp;<\/p>\n","protected":false},"author":1,"featured_media":0,"parent":0,"menu_order":0,"comment_status":"closed","ping_status":"closed","template":"","meta":{"footnotes":""},"class_list":["post-423","page","type-page","status-publish","hentry"],"aioseo_notices":[],"acf":[],"_links":{"self":[{"href":"https:\/\/vicaria6.bizkeliza.net\/index.php?rest_route=\/wp\/v2\/pages\/423","targetHints":{"allow":["GET"]}}],"collection":[{"href":"https:\/\/vicaria6.bizkeliza.net\/index.php?rest_route=\/wp\/v2\/pages"}],"about":[{"href":"https:\/\/vicaria6.bizkeliza.net\/index.php?rest_route=\/wp\/v2\/types\/page"}],"author":[{"embeddable":true,"href":"https:\/\/vicaria6.bizkeliza.net\/index.php?rest_route=\/wp\/v2\/users\/1"}],"replies":[{"embeddable":true,"href":"https:\/\/vicaria6.bizkeliza.net\/index.php?rest_route=%2Fwp%2Fv2%2Fcomments&post=423"}],"version-history":[{"count":4,"href":"https:\/\/vicaria6.bizkeliza.net\/index.php?rest_route=\/wp\/v2\/pages\/423\/revisions"}],"predecessor-version":[{"id":1179,"href":"https:\/\/vicaria6.bizkeliza.net\/index.php?rest_route=\/wp\/v2\/pages\/423\/revisions\/1179"}],"wp:attachment":[{"href":"https:\/\/vicaria6.bizkeliza.net\/index.php?rest_route=%2Fwp%2Fv2%2Fmedia&parent=423"}],"curies":[{"name":"wp","href":"https:\/\/api.w.org\/{rel}","templated":true}]}}