{"id":4906,"date":"2022-02-11T09:25:01","date_gmt":"2022-02-11T09:25:01","guid":{"rendered":"https:\/\/vicaria6.bizkeliza.net\/?page_id=4906"},"modified":"2023-01-16T19:06:53","modified_gmt":"2023-01-16T19:06:53","slug":"directorio-para-la-inicacion-cristiana","status":"publish","type":"page","link":"https:\/\/vicaria6.bizkeliza.net\/?page_id=4906","title":{"rendered":"DIRECTORIO PARA LA INICACI\u00d3N CRISTIANA"},"content":{"rendered":"<p style=\"text-align: center;\"><span style=\"font-size: 18pt; color: #003300;\"><strong>DIRECTORIO PARA LA INICIACI\u00d3N CRISTIANA- DI\u00d3CESIS DE BILBAO<\/strong><\/span><\/p>\n<p><a href=\"https:\/\/vicaria6.bizkeliza.net\/wp-content\/uploads\/2020\/08\/logo-diocesis.jpg\"><img decoding=\"async\" class=\"size-thumbnail wp-image-2184 alignleft\" src=\"https:\/\/vicaria6.bizkeliza.net\/wp-content\/uploads\/2020\/08\/logo-diocesis-150x122.jpg\" alt=\"DIOCESIS DE BILBAO\" width=\"150\" height=\"122\" \/><\/a><\/p>\n<p><strong>I. Sentido y alcance de este Directorio<\/strong><\/p>\n<p>1. El inter\u00e9s por la renovaci\u00f3n de la Iniciaci\u00f3n Cristiana ha venido creciendo en nuestra di\u00f3cesis durante estos \u00faltimos a\u00f1os; varios son los motivos. Por un lado, la llegada de personas, fundamentalmente adultas, de otros pa\u00edses, que demandan una Iniciaci\u00f3n, parcial o completa. Por otra parte, la conciencia, muy ampliamente compartida, de que el camino inici\u00e1tico mayoritario, ahora mismo en vigor, adolece de<br \/>\nimportantes carencias y desajustes como facilitador de una n\u00edtida identidad cristiana. Sin olvidar la emergencia de personas que, aun habiendo recorrido el camino<br \/>\ninici\u00e1tico en su infancia o adolescencia, lo perciben como inacabado o necesitado de<br \/>\nactualizaci\u00f3n. El ambiente sociocultural de indiferencia religiosa y quiebra de la<br \/>\ncontinuidad de la transmisi\u00f3n de la fe, en el que todo lo anterior se enmarca, acent\u00faa la sensaci\u00f3n de que nos encontramos ante un desaf\u00edo de gran envergadura y<br \/>\ntrascendencia pastoral. Es justamente ese contexto el que nos exige una modulaci\u00f3n<br \/>\nmucho m\u00e1s misionera de toda la actividad eclesial, y ya se sabe que misi\u00f3n e iniciaci\u00f3n se implican mutuamente, como se recoge en el decreto conciliar Ad Gentes.<\/p>\n<p><a href=\"https:\/\/drive.google.com\/file\/d\/1KOz5Y9CciL6IqkH8M8udQJlUhgRlgyNs\/view?usp=drivesdk\">SIGUE LEYENDO<\/a><\/p>\n<p><a href=\"https:\/\/drive.google.com\/file\/d\/1KOz5Y9CciL6IqkH8M8udQJlUhgRlgyNs\/view?usp=drivesdk\"><img decoding=\"async\" class=\"size-thumbnail wp-image-1735 alignright\" src=\"https:\/\/vicaria6.bizkeliza.net\/wp-content\/uploads\/2020\/07\/descarga-150x150.jpg\" alt=\"DESCARGAR\" width=\"150\" height=\"150\" srcset=\"https:\/\/vicaria6.bizkeliza.net\/wp-content\/uploads\/2020\/07\/descarga-150x150.jpg 150w, https:\/\/vicaria6.bizkeliza.net\/wp-content\/uploads\/2020\/07\/descarga-75x75.jpg 75w\" sizes=\"(max-width: 150px) 100vw, 150px\" \/><\/a><\/p>\n<p>&nbsp;<\/p>\n<p><a href=\"https:\/\/drive.google.com\/file\/d\/1KOz5Y9CciL6IqkH8M8udQJlUhgRlgyNs\/view?usp=drivesdk\"><strong><span style=\"color: #003300;\">DESCARGA DIRECTORIO PARA LA INICIACION CRISTIANA &#8211; DI\u00d3CESIS DE BILBAO<\/span><\/strong><\/a><\/p>\n","protected":false},"excerpt":{"rendered":"<p>DIRECTORIO PARA LA INICIACI\u00d3N CRISTIANA- DI\u00d3CESIS DE BILBAO I. Sentido y alcance de este Directorio 1. El inter\u00e9s por la renovaci\u00f3n de la Iniciaci\u00f3n Cristiana ha venido creciendo en nuestra di\u00f3cesis durante estos \u00faltimos a\u00f1os; varios son los motivos. Por un lado, la llegada de personas, fundamentalmente adultas, de otros pa\u00edses, que demandan una Iniciaci\u00f3n, parcial o completa. Por otra parte, la conciencia, muy ampliamente compartida, de que el camino inici\u00e1tico mayoritario, ahora mismo en vigor, adolece de importantes carencias y desajustes como facilitador de una n\u00edtida identidad cristiana. Sin olvidar la emergencia de personas que, aun habiendo recorrido el camino inici\u00e1tico en su infancia o adolescencia, lo perciben como inacabado o necesitado de actualizaci\u00f3n. El ambiente sociocultural de indiferencia religiosa y quiebra de la continuidad de la transmisi\u00f3n de la fe, en el que todo lo anterior se enmarca, acent\u00faa la sensaci\u00f3n de que nos encontramos ante un desaf\u00edo de gran envergadura y trascendencia pastoral. Es justamente ese contexto el que nos exige una modulaci\u00f3n mucho m\u00e1s misionera de toda la actividad eclesial, y ya se sabe que misi\u00f3n e iniciaci\u00f3n se implican mutuamente, como se recoge en el decreto conciliar Ad Gentes. SIGUE LEYENDO &nbsp; DESCARGA DIRECTORIO PARA LA INICIACION CRISTIANA &#8211; DI\u00d3CESIS DE BILBAO<\/p>\n","protected":false},"author":1,"featured_media":0,"parent":0,"menu_order":0,"comment_status":"closed","ping_status":"closed","template":"","meta":{"footnotes":""},"class_list":["post-4906","page","type-page","status-publish","hentry"],"aioseo_notices":[],"acf":[],"_links":{"self":[{"href":"https:\/\/vicaria6.bizkeliza.net\/index.php?rest_route=\/wp\/v2\/pages\/4906","targetHints":{"allow":["GET"]}}],"collection":[{"href":"https:\/\/vicaria6.bizkeliza.net\/index.php?rest_route=\/wp\/v2\/pages"}],"about":[{"href":"https:\/\/vicaria6.bizkeliza.net\/index.php?rest_route=\/wp\/v2\/types\/page"}],"author":[{"embeddable":true,"href":"https:\/\/vicaria6.bizkeliza.net\/index.php?rest_route=\/wp\/v2\/users\/1"}],"replies":[{"embeddable":true,"href":"https:\/\/vicaria6.bizkeliza.net\/index.php?rest_route=%2Fwp%2Fv2%2Fcomments&post=4906"}],"version-history":[{"count":5,"href":"https:\/\/vicaria6.bizkeliza.net\/index.php?rest_route=\/wp\/v2\/pages\/4906\/revisions"}],"predecessor-version":[{"id":6232,"href":"https:\/\/vicaria6.bizkeliza.net\/index.php?rest_route=\/wp\/v2\/pages\/4906\/revisions\/6232"}],"wp:attachment":[{"href":"https:\/\/vicaria6.bizkeliza.net\/index.php?rest_route=%2Fwp%2Fv2%2Fmedia&parent=4906"}],"curies":[{"name":"wp","href":"https:\/\/api.w.org\/{rel}","templated":true}]}}