{"id":81,"date":"2020-05-27T11:15:34","date_gmt":"2020-05-27T11:15:34","guid":{"rendered":"https:\/\/vicaria6.bizkeliza.net\/?page_id=81"},"modified":"2020-07-09T08:14:14","modified_gmt":"2020-07-09T08:14:14","slug":"vicaria-vi-3","status":"publish","type":"page","link":"https:\/\/vicaria6.bizkeliza.net\/?page_id=81","title":{"rendered":"VICARIA VI"},"content":{"rendered":"<h1 class=\"\">Informaci\u00f3n general<\/h1>\n<p><img fetchpriority=\"high\" decoding=\"async\" class=\" wp-image-1304 alignleft\" src=\"https:\/\/vicaria6.bizkeliza.net\/wp-content\/uploads\/2020\/06\/donde-estamos-300x275.jpg\" alt=\"\" width=\"346\" height=\"317\" srcset=\"https:\/\/vicaria6.bizkeliza.net\/wp-content\/uploads\/2020\/06\/donde-estamos-300x275.jpg 300w, https:\/\/vicaria6.bizkeliza.net\/wp-content\/uploads\/2020\/06\/donde-estamos.jpg 767w\" sizes=\"(max-width: 346px) 100vw, 346px\" \/><strong>La Vicar\u00eda Vi abarca los terriotorios de:<\/strong><\/p>\n<p>Txorierri (Derio, Zamudio, Lezama, Larrabetzu , Loiu y Erandio Goikoa)<\/p>\n<p>Munguia- Munguialdea (Fruiz, Maruri-Jatabe, Bakio, Morga, Gamiz- Fika, Laukiz, Arrieta y Me\u00f1aka)<\/p>\n<p>Uribe Kosta Behekoa (Armintza, Lemoiz, Gorliz, Plentzia)<\/p>\n<p>Uribe Kosta Goikoa (Urduliz, Barrika y Sopelana)<\/p>\n<p>Gobela- Galea (Berango y Algorta)<\/p>\n<p>Las Arenas- Romo, Leioa -Astrabudua<\/p>\n<p>Erandio (Astrabudua y Altzaga) .<\/p>\n<p>Atendidiendo al (c. 476) del D. C\u00a0 &#8220;Cuando as\u00ed lo requiera el buen gobierno de la di\u00f3cesis, el Obispo puede nombrar uno o m\u00e1s Vicarios episcopales que o en una determinada circunscripci\u00f3n de la di\u00f3cesis o para ciertos asuntos tienen la misma potestad ordinaria que compete al Vicario general&#8221; fue nombrado el pasado mes de Diciembre\u00a0 <strong>Ignacio\u00a0 Fern\u00e1ndez M\u00e9ndez<\/strong> Vicario Territorial de la Vicaria VI.<\/p>\n<p><a href=\"http:\/\/www.bizkeliza.org\/noticia\/ignacio-fernandez-nuevo-vicario-territorial-de-la-vicaria-vi\/\">http:\/\/www.bizkeliza.org\/noticia\/ignacio-fernandez-nuevo-vicario-territorial-de-la-vicaria-vi\/<\/a><\/p>\n<p>&nbsp;<\/p>\n<p><img decoding=\"async\" class=\"alignleft\" src=\"http:\/\/www.bizkeliza.org\/fileadmin\/user_upload\/Ignacio_Fernandez.jpg\" width=\"171\" height=\"227\" \/><\/p>\n<p>Ignacio Fern\u00e1ndez M\u00e9ndez<\/p>\n<p>Parroquia San Bartolom\u00e9 Ap\u00f3stol<br \/>\nJoakin Atxukarro, 35<br \/>\n48940 LEIOA<br \/>\nTel. 639 730 783<\/p>\n<p>E-Mail:<a href=\"mailto:bikario6@bizkeliza.org\">bikario6@bizkeliza.org<\/a><\/p>\n","protected":false},"excerpt":{"rendered":"<p>Informaci\u00f3n general La Vicar\u00eda Vi abarca los terriotorios de: Txorierri (Derio, Zamudio, Lezama, Larrabetzu , Loiu y Erandio Goikoa) Munguia- Munguialdea (Fruiz, Maruri-Jatabe, Bakio, Morga, Gamiz- Fika, Laukiz, Arrieta y Me\u00f1aka) Uribe Kosta Behekoa (Armintza, Lemoiz, Gorliz, Plentzia) Uribe Kosta Goikoa (Urduliz, Barrika y Sopelana) Gobela- Galea (Berango y Algorta) Las Arenas- Romo, Leioa -Astrabudua Erandio (Astrabudua y Altzaga) . Atendidiendo al (c. 476) del D. C\u00a0 &#8220;Cuando as\u00ed lo requiera el buen gobierno de la di\u00f3cesis, el Obispo puede nombrar uno o m\u00e1s Vicarios episcopales que o en una determinada circunscripci\u00f3n de la di\u00f3cesis o para ciertos asuntos tienen la misma potestad ordinaria que compete al Vicario general&#8221; fue nombrado el pasado mes de Diciembre\u00a0 Ignacio\u00a0 Fern\u00e1ndez M\u00e9ndez Vicario Territorial de la Vicaria VI. http:\/\/www.bizkeliza.org\/noticia\/ignacio-fernandez-nuevo-vicario-territorial-de-la-vicaria-vi\/ &nbsp; Ignacio Fern\u00e1ndez M\u00e9ndez Parroquia San Bartolom\u00e9 Ap\u00f3stol Joakin Atxukarro, 35 48940 LEIOA Tel. 639 730 783 E-Mail:bikario6@bizkeliza.org<\/p>\n","protected":false},"author":1,"featured_media":0,"parent":0,"menu_order":0,"comment_status":"closed","ping_status":"closed","template":"","meta":{"footnotes":""},"class_list":["post-81","page","type-page","status-publish","hentry"],"aioseo_notices":[],"acf":[],"_links":{"self":[{"href":"https:\/\/vicaria6.bizkeliza.net\/index.php?rest_route=\/wp\/v2\/pages\/81","targetHints":{"allow":["GET"]}}],"collection":[{"href":"https:\/\/vicaria6.bizkeliza.net\/index.php?rest_route=\/wp\/v2\/pages"}],"about":[{"href":"https:\/\/vicaria6.bizkeliza.net\/index.php?rest_route=\/wp\/v2\/types\/page"}],"author":[{"embeddable":true,"href":"https:\/\/vicaria6.bizkeliza.net\/index.php?rest_route=\/wp\/v2\/users\/1"}],"replies":[{"embeddable":true,"href":"https:\/\/vicaria6.bizkeliza.net\/index.php?rest_route=%2Fwp%2Fv2%2Fcomments&post=81"}],"version-history":[{"count":5,"href":"https:\/\/vicaria6.bizkeliza.net\/index.php?rest_route=\/wp\/v2\/pages\/81\/revisions"}],"predecessor-version":[{"id":1880,"href":"https:\/\/vicaria6.bizkeliza.net\/index.php?rest_route=\/wp\/v2\/pages\/81\/revisions\/1880"}],"wp:attachment":[{"href":"https:\/\/vicaria6.bizkeliza.net\/index.php?rest_route=%2Fwp%2Fv2%2Fmedia&parent=81"}],"curies":[{"name":"wp","href":"https:\/\/api.w.org\/{rel}","templated":true}]}}